{"id":17694,"date":"2023-11-24T12:18:39","date_gmt":"2023-11-24T11:18:39","guid":{"rendered":"https:\/\/pineda.es\/canal-etic\/"},"modified":"2024-07-11T10:16:31","modified_gmt":"2024-07-11T08:16:31","slug":"canal-etico","status":"publish","type":"page","link":"https:\/\/pineda.es\/es\/canal-etico\/","title":{"rendered":"Canal \u00e9tico"},"content":{"rendered":"\t\t<div data-elementor-type=\"wp-page\" data-elementor-id=\"17694\" class=\"elementor elementor-17694 elementor-17680\">\n\t\t\t\t\t\t<section data-particle_enable=\"false\" data-particle-mobile-disabled=\"false\" class=\"elementor-section elementor-top-section elementor-element elementor-element-7b8aced elementor-section-full_width elementor-section-height-default elementor-section-height-default\" data-id=\"7b8aced\" data-element_type=\"section\">\n\t\t\t\t\t\t<div class=\"elementor-container elementor-column-gap-no\">\n\t\t\t\t\t<div class=\"elementor-column elementor-col-100 elementor-top-column elementor-element elementor-element-12b2130\" data-id=\"12b2130\" data-element_type=\"column\">\n\t\t\t<div class=\"elementor-widget-wrap elementor-element-populated\">\n\t\t\t\t\t\t<div class=\"elementor-element elementor-element-7de9915 elementor--h-position-center elementor--v-position-middle elementor-widget elementor-widget-slides\" data-id=\"7de9915\" data-element_type=\"widget\" data-settings=\"{&quot;navigation&quot;:&quot;none&quot;,&quot;transition&quot;:&quot;slide&quot;,&quot;transition_speed&quot;:500}\" data-widget_type=\"slides.default\">\n\t\t\t\t<div class=\"elementor-widget-container\">\n\t\t\t\t\t<div class=\"elementor-swiper\">\n\t\t\t<div class=\"elementor-slides-wrapper elementor-main-swiper swiper\" dir=\"ltr\" data-animation=\"\">\n\t\t\t\t<div class=\"swiper-wrapper elementor-slides\">\n\t\t\t\t\t\t\t\t\t\t<div class=\"elementor-repeater-item-8bc8c26 swiper-slide\"><div class=\"swiper-slide-bg\" role=\"img\"><\/div><div class=\"elementor-background-overlay\"><\/div><div class=\"swiper-slide-inner\" ><div class=\"swiper-slide-contents\"><div class=\"elementor-slide-heading\">C\u00d3DIGO \u00c9TICO<\/div><\/div><\/div><\/div>\t\t\t\t<\/div>\n\t\t\t\t\t\t\t<\/div>\n\t\t<\/div>\n\t\t\t\t<\/div>\n\t\t\t\t<\/div>\n\t\t\t\t<div class=\"elementor-element elementor-element-ed76017 elementor-widget elementor-widget-spacer\" data-id=\"ed76017\" data-element_type=\"widget\" data-widget_type=\"spacer.default\">\n\t\t\t\t<div class=\"elementor-widget-container\">\n\t\t\t\t\t<div class=\"elementor-spacer\">\n\t\t\t<div class=\"elementor-spacer-inner\"><\/div>\n\t\t<\/div>\n\t\t\t\t<\/div>\n\t\t\t\t<\/div>\n\t\t\t\t<div class=\"elementor-element elementor-element-e57267c elementor-widget elementor-widget-heading\" data-id=\"e57267c\" data-element_type=\"widget\" data-widget_type=\"heading.default\">\n\t\t\t\t<div class=\"elementor-widget-container\">\n\t\t\t<h2 class=\"elementor-heading-title elementor-size-default\">C\u00d3DIGO \u00c9TICO<\/h2>\t\t<\/div>\n\t\t\t\t<\/div>\n\t\t\t\t\t<\/div>\n\t\t<\/div>\n\t\t\t\t\t<\/div>\n\t\t<\/section>\n\t\t\t\t<section data-particle_enable=\"false\" data-particle-mobile-disabled=\"false\" class=\"elementor-section elementor-top-section elementor-element elementor-element-62093f0 elementor-section-boxed elementor-section-height-default elementor-section-height-default\" data-id=\"62093f0\" data-element_type=\"section\">\n\t\t\t\t\t\t<div class=\"elementor-container elementor-column-gap-default\">\n\t\t\t\t\t<div class=\"elementor-column elementor-col-100 elementor-top-column elementor-element elementor-element-83a18ef\" data-id=\"83a18ef\" data-element_type=\"column\">\n\t\t\t<div class=\"elementor-widget-wrap elementor-element-populated\">\n\t\t\t\t\t\t<div class=\"elementor-element elementor-element-ea25072 elementor-widget elementor-widget-text-editor\" data-id=\"ea25072\" data-element_type=\"widget\" data-widget_type=\"text-editor.default\">\n\t\t\t\t<div class=\"elementor-widget-container\">\n\t\t\t\t\t\t\t<p>El objetivo de este canal es resolver dudas sobre la aplicaci\u00f3n del C\u00f3digo \u00c9tico del Colegio Pineda, as\u00ed como detectar conductas irregulares o poco apropiadas dentro de la escuela, por lo que cualquier persona puede utilizarlo para comunicar consultas o comunicaciones de incumplimiento.<\/p>\n<p>Todas las consultas y comunicaciones de incumplimiento ser\u00e1n contestadas y resueltas. Sin embargo, no se responder\u00e1n consultas an\u00f3nimas si se refieren a informaci\u00f3n delicada y s\u00f3lo se investigar\u00e1n las comunicaciones de incumplimientos an\u00f3nimas si recogen todos los datos necesarios y se hacen de buena fe.<\/p>\n<p>En ning\u00fan caso se facilitar\u00e1 informaci\u00f3n del desarrollo de las investigaciones y del resultado de las mismas a los denunciantes an\u00f3nimos.<\/p>\n<p>Poder hablar con usted nos ayudar\u00e1 a comprender mejor sus notificaciones ayud\u00e1ndonos a mejorar.<\/p>\n<p>Todos los campos marcados con * son obligatorios.<\/p>\n\t\t\t\t\t\t<\/div>\n\t\t\t\t<\/div>\n\t\t\t\t\t<\/div>\n\t\t<\/div>\n\t\t\t\t\t<\/div>\n\t\t<\/section>\n\t\t\t\t<section data-particle_enable=\"false\" data-particle-mobile-disabled=\"false\" class=\"elementor-section elementor-top-section elementor-element elementor-element-76ed4ee elementor-section-boxed elementor-section-height-default elementor-section-height-default\" data-id=\"76ed4ee\" data-element_type=\"section\">\n\t\t\t\t\t\t<div class=\"elementor-container elementor-column-gap-default\">\n\t\t\t\t\t<div class=\"elementor-column elementor-col-100 elementor-top-column elementor-element elementor-element-4a98301\" data-id=\"4a98301\" data-element_type=\"column\">\n\t\t\t<div class=\"elementor-widget-wrap elementor-element-populated\">\n\t\t\t\t\t\t<div class=\"elementor-element elementor-element-0895546 elementor-button-align-stretch elementor-widget elementor-widget-form\" data-id=\"0895546\" data-element_type=\"widget\" data-settings=\"{&quot;step_next_label&quot;:&quot;Next&quot;,&quot;step_previous_label&quot;:&quot;Previous&quot;,&quot;button_width&quot;:&quot;100&quot;,&quot;step_type&quot;:&quot;number_text&quot;,&quot;step_icon_shape&quot;:&quot;circle&quot;}\" data-widget_type=\"form.default\">\n\t\t\t\t<div class=\"elementor-widget-container\">\n\t\t\t\t\t<form class=\"elementor-form\" method=\"post\" name=\"New Form\">\n\t\t\t<input type=\"hidden\" name=\"post_id\" value=\"17694\"\/>\n\t\t\t<input type=\"hidden\" name=\"form_id\" value=\"0895546\"\/>\n\t\t\t<input type=\"hidden\" name=\"referer_title\" value=\"Pineda\" \/>\n\n\t\t\t\n\t\t\t<div class=\"elementor-form-fields-wrapper elementor-labels-above\">\n\t\t\t\t\t\t\t\t<div class=\"elementor-field-type-text elementor-field-group elementor-column elementor-field-group-name elementor-col-100\">\n\t\t\t\t\t\t\t\t\t\t\t\t<label for=\"form-field-name\" class=\"elementor-field-label\">\n\t\t\t\t\t\t\t\tNombre y apellidos\t\t\t\t\t\t\t<\/label>\n\t\t\t\t\t\t\t\t\t\t\t\t\t\t<input size=\"1\" type=\"text\" name=\"form_fields[name]\" id=\"form-field-name\" class=\"elementor-field elementor-size-xs  elementor-field-textual\" placeholder=\"Escribe aqu\u00ed...\">\n\t\t\t\t\t\t\t\t\t\t\t<\/div>\n\t\t\t\t\t\t\t\t<div class=\"elementor-field-type-email elementor-field-group elementor-column elementor-field-group-email elementor-col-100 elementor-field-required elementor-mark-required\">\n\t\t\t\t\t\t\t\t\t\t\t\t<label for=\"form-field-email\" class=\"elementor-field-label\">\n\t\t\t\t\t\t\t\tEmail\t\t\t\t\t\t\t<\/label>\n\t\t\t\t\t\t\t\t\t\t\t\t\t\t<input size=\"1\" type=\"email\" name=\"form_fields[email]\" id=\"form-field-email\" class=\"elementor-field elementor-size-xs  elementor-field-textual\" placeholder=\"Escribe aqu\u00ed...\" required=\"required\" aria-required=\"true\">\n\t\t\t\t\t\t\t\t\t\t\t<\/div>\n\t\t\t\t\t\t\t\t<div class=\"elementor-field-type-textarea elementor-field-group elementor-column elementor-field-group-field_da84858 elementor-col-100 elementor-field-required elementor-mark-required\">\n\t\t\t\t\t\t\t\t\t\t\t\t<label for=\"form-field-field_da84858\" class=\"elementor-field-label\">\n\t\t\t\t\t\t\t\tMensaje\t\t\t\t\t\t\t<\/label>\n\t\t\t\t\t\t<textarea class=\"elementor-field-textual elementor-field  elementor-size-xs\" name=\"form_fields[field_da84858]\" id=\"form-field-field_da84858\" rows=\"4\" placeholder=\"Escribe aqu\u00ed...\" required=\"required\" aria-required=\"true\"><\/textarea>\t\t\t\t<\/div>\n\t\t\t\t\t\t\t\t<div class=\"elementor-field-type-upload elementor-field-group elementor-column elementor-field-group-field_e3f0965 elementor-col-100\">\n\t\t\t\t\t\t\t<input type=\"file\" name=\"form_fields[field_e3f0965]\" id=\"form-field-field_e3f0965\" class=\"elementor-field elementor-size-xs  elementor-upload-field\">\n\n\t\t\t\t\t\t<\/div>\n\t\t\t\t\t\t\t\t<div class=\"elementor-field-type-recaptcha elementor-field-group elementor-column elementor-field-group-field_902c6ec elementor-col-100\">\n\t\t\t\t\t<div class=\"elementor-field\" id=\"form-field-field_902c6ec\"><div class=\"elementor-g-recaptcha\" data-sitekey=\"6LfL5TYeAAAAAIERx9YQPCaKM9ZAJiLBpuJWIiKE\" data-type=\"v2_checkbox\" data-theme=\"light\" data-size=\"normal\"><\/div><\/div>\t\t\t\t<\/div>\n\t\t\t\t\t\t\t\t<div class=\"elementor-field-type-acceptance elementor-field-group elementor-column elementor-field-group-field_d64235b elementor-col-100 elementor-field-required elementor-mark-required\">\n\t\t\t\t\t\t\t<div class=\"elementor-field-subgroup\">\n\t\t\t<span class=\"elementor-field-option\">\n\t\t\t\t<input type=\"checkbox\" name=\"form_fields[field_d64235b]\" id=\"form-field-field_d64235b\" class=\"elementor-field elementor-size-xs  elementor-acceptance-field\" required=\"required\" aria-required=\"true\">\n\t\t\t\t<label for=\"form-field-field_d64235b\">Doy el consentimiento al tratamiento de mis datos personales.\n\nEstos datos ser\u00e1n tratados por CENTRE CULTURAL PINEDA, SA con el fin de poder suministrarle la informaci\u00f3n que nos ha solicitado. No ser\u00e1n comunicadas a terceros ni se utilizar\u00e1n para ninguna otra finalidad. En cumplimiento de la normativa (UE) 2016\/679 Reglamento General de Protecci\u00f3n de Datos, le informamos que puede ejercitar su derecho de acceso, rectificaci\u00f3n, supresi\u00f3n u oposici\u00f3n, enviando un correo electr\u00f3nico a la direcci\u00f3n: info@pineda. adjuntando una fotocopia del DNI, NIE o pasaporte para comprobar su identidad.\nTambi\u00e9n le informamos que puede presentar una reclamaci\u00f3n ante la Agencia Espa\u00f1ola de Protecci\u00f3n de Datos si considera que se han visto vulnerados sus derechos. Sus datos ser\u00e1n conservados durante dos a\u00f1os y se destruir\u00e1n una vez finalizado este plazo a menos que siga existiendo una relaci\u00f3n de servicios o ejerza usted su derecho de supresi\u00f3n antes de esa fecha. No prestar su consentimiento comportar\u00e1 la imposibilidad de atender su solicitud de informaci\u00f3n.<\/label>\t\t\t<\/span>\n\t\t<\/div>\n\t\t\t\t\t\t<\/div>\n\t\t\t\t\t\t\t\t<div class=\"elementor-field-group elementor-column elementor-field-type-submit elementor-col-100 e-form__buttons\">\n\t\t\t\t\t<button type=\"submit\" class=\"elementor-button elementor-size-sm\">\n\t\t\t\t\t\t<span >\n\t\t\t\t\t\t\t\t\t\t\t\t\t\t\t<span class=\" elementor-button-icon\">\n\t\t\t\t\t\t\t\t\t\t\t\t\t\t\t\t\t\t\t\t\t\t\t\t\t\t<\/span>\n\t\t\t\t\t\t\t\t\t\t\t\t\t\t\t\t\t\t\t\t\t\t<span class=\"elementor-button-text\">Enviar<\/span>\n\t\t\t\t\t\t\t\t\t\t\t\t\t<\/span>\n\t\t\t\t\t<\/button>\n\t\t\t\t<\/div>\n\t\t\t<\/div>\n\t\t<\/form>\n\t\t\t\t<\/div>\n\t\t\t\t<\/div>\n\t\t\t\t\t<\/div>\n\t\t<\/div>\n\t\t\t\t\t<\/div>\n\t\t<\/section>\n\t\t\t\t<section data-particle_enable=\"false\" data-particle-mobile-disabled=\"false\" class=\"elementor-section elementor-top-section elementor-element elementor-element-851ce18 elementor-section-full_width elementor-section-height-default elementor-section-height-default\" data-id=\"851ce18\" data-element_type=\"section\">\n\t\t\t\t\t\t<div class=\"elementor-container elementor-column-gap-default\">\n\t\t\t\t\t<div class=\"elementor-column elementor-col-100 elementor-top-column elementor-element elementor-element-c40f024\" data-id=\"c40f024\" data-element_type=\"column\">\n\t\t\t<div class=\"elementor-widget-wrap elementor-element-populated\">\n\t\t\t\t\t\t<section data-particle_enable=\"false\" data-particle-mobile-disabled=\"false\" class=\"elementor-section elementor-inner-section elementor-element elementor-element-f7d3919 elementor-section-content-middle elementor-section-boxed elementor-section-height-default elementor-section-height-default\" data-id=\"f7d3919\" data-element_type=\"section\">\n\t\t\t\t\t\t<div class=\"elementor-container elementor-column-gap-default\">\n\t\t\t\t\t<div class=\"elementor-column elementor-col-33 elementor-inner-column elementor-element elementor-element-e5078a1\" data-id=\"e5078a1\" data-element_type=\"column\" data-settings=\"{&quot;background_background&quot;:&quot;classic&quot;}\">\n\t\t\t<div class=\"elementor-widget-wrap elementor-element-populated\">\n\t\t\t\t\t\t<div class=\"elementor-element elementor-element-ed83a5f elementor-widget elementor-widget-image\" data-id=\"ed83a5f\" data-element_type=\"widget\" data-widget_type=\"image.default\">\n\t\t\t\t<div class=\"elementor-widget-container\">\n\t\t\t\t\t\t\t\t\t\t\t\t\t\t<a href=\"https:\/\/www.avantis.edu.es\/es\/\">\n\t\t\t\t\t\t\t<img decoding=\"async\" width=\"300\" height=\"97\" src=\"https:\/\/pineda.es\/wp-content\/uploads\/2021\/07\/Avantis_logo-300x97.png\" class=\"attachment-medium size-medium wp-image-3174\" alt=\"\" srcset=\"https:\/\/pineda.es\/wp-content\/uploads\/2021\/07\/Avantis_logo-300x97.png 300w, https:\/\/pineda.es\/wp-content\/uploads\/2021\/07\/Avantis_logo-1024x333.png 1024w, https:\/\/pineda.es\/wp-content\/uploads\/2021\/07\/Avantis_logo-768x250.png 768w, https:\/\/pineda.es\/wp-content\/uploads\/2021\/07\/Avantis_logo-1536x499.png 1536w, https:\/\/pineda.es\/wp-content\/uploads\/2021\/07\/Avantis_logo.png 1945w\" sizes=\"(max-width: 300px) 100vw, 300px\" \/>\t\t\t\t\t\t\t\t<\/a>\n\t\t\t\t\t\t\t\t\t\t\t\t\t<\/div>\n\t\t\t\t<\/div>\n\t\t\t\t\t<\/div>\n\t\t<\/div>\n\t\t\t\t<div class=\"elementor-column elementor-col-33 elementor-inner-column elementor-element elementor-element-b25ef37\" data-id=\"b25ef37\" data-element_type=\"column\" data-settings=\"{&quot;background_background&quot;:&quot;classic&quot;}\">\n\t\t\t<div class=\"elementor-widget-wrap elementor-element-populated\">\n\t\t\t\t\t\t<div class=\"elementor-element elementor-element-0f405aa elementor-widget elementor-widget-image\" data-id=\"0f405aa\" data-element_type=\"widget\" data-widget_type=\"image.default\">\n\t\t\t\t<div class=\"elementor-widget-container\">\n\t\t\t\t\t\t\t\t\t\t\t\t\t\t<a href=\"https:\/\/pineda.es\/es\/\">\n\t\t\t\t\t\t\t<img decoding=\"async\" width=\"300\" height=\"111\" src=\"https:\/\/pineda.es\/wp-content\/uploads\/2021\/07\/Recurso-1LOGO-PINEDA-300x111.png\" class=\"attachment-medium size-medium wp-image-3105\" alt=\"\" srcset=\"https:\/\/pineda.es\/wp-content\/uploads\/2021\/07\/Recurso-1LOGO-PINEDA-300x111.png 300w, https:\/\/pineda.es\/wp-content\/uploads\/2021\/07\/Recurso-1LOGO-PINEDA.png 735w\" sizes=\"(max-width: 300px) 100vw, 300px\" \/>\t\t\t\t\t\t\t\t<\/a>\n\t\t\t\t\t\t\t\t\t\t\t\t\t<\/div>\n\t\t\t\t<\/div>\n\t\t\t\t\t<\/div>\n\t\t<\/div>\n\t\t\t\t<div class=\"elementor-column elementor-col-33 elementor-inner-column elementor-element elementor-element-3b66110\" data-id=\"3b66110\" data-element_type=\"column\" data-settings=\"{&quot;background_background&quot;:&quot;classic&quot;}\">\n\t\t\t<div class=\"elementor-widget-wrap elementor-element-populated\">\n\t\t\t\t\t\t<div class=\"elementor-element elementor-element-25c1fa2 elementor-widget elementor-widget-image\" data-id=\"25c1fa2\" data-element_type=\"widget\" data-widget_type=\"image.default\">\n\t\t\t\t<div class=\"elementor-widget-container\">\n\t\t\t\t\t\t\t\t\t\t\t\t\t\t<a href=\"https:\/\/www.xaloc.org\/es\/index.htm\">\n\t\t\t\t\t\t\t<img decoding=\"async\" width=\"300\" height=\"90\" src=\"https:\/\/pineda.es\/wp-content\/uploads\/2021\/07\/Recurso-1LOGO-XALOC-300x90.png\" class=\"attachment-medium size-medium wp-image-3140\" alt=\"\" srcset=\"https:\/\/pineda.es\/wp-content\/uploads\/2021\/07\/Recurso-1LOGO-XALOC-300x90.png 300w, https:\/\/pineda.es\/wp-content\/uploads\/2021\/07\/Recurso-1LOGO-XALOC-1024x309.png 1024w, https:\/\/pineda.es\/wp-content\/uploads\/2021\/07\/Recurso-1LOGO-XALOC-768x232.png 768w, https:\/\/pineda.es\/wp-content\/uploads\/2021\/07\/Recurso-1LOGO-XALOC-1536x463.png 1536w, https:\/\/pineda.es\/wp-content\/uploads\/2021\/07\/Recurso-1LOGO-XALOC-2048x618.png 2048w\" sizes=\"(max-width: 300px) 100vw, 300px\" \/>\t\t\t\t\t\t\t\t<\/a>\n\t\t\t\t\t\t\t\t\t\t\t\t\t<\/div>\n\t\t\t\t<\/div>\n\t\t\t\t\t<\/div>\n\t\t<\/div>\n\t\t\t\t\t<\/div>\n\t\t<\/section>\n\t\t\t\t<div class=\"elementor-element elementor-element-91f39f9 elementor-widget elementor-widget-spacer\" data-id=\"91f39f9\" data-element_type=\"widget\" data-widget_type=\"spacer.default\">\n\t\t\t\t<div class=\"elementor-widget-container\">\n\t\t\t\t\t<div class=\"elementor-spacer\">\n\t\t\t<div class=\"elementor-spacer-inner\"><\/div>\n\t\t<\/div>\n\t\t\t\t<\/div>\n\t\t\t\t<\/div>\n\t\t\t\t\t<\/div>\n\t\t<\/div>\n\t\t\t\t\t<\/div>\n\t\t<\/section>\n\t\t\t\t<\/div>\n\t\t","protected":false},"excerpt":{"rendered":"<p>C\u00d3DIGO \u00c9TICO C\u00d3DIGO \u00c9TICO El objetivo de este canal es resolver dudas sobre la aplicaci\u00f3n del C\u00f3digo \u00c9tico del Colegio Pineda, as\u00ed como detectar conductas irregulares o poco apropiadas dentro [&hellip;]<\/p>\n","protected":false},"author":4,"featured_media":3164,"parent":0,"menu_order":0,"comment_status":"closed","ping_status":"closed","template":"elementor_header_footer","meta":{"_monsterinsights_skip_tracking":false,"_monsterinsights_sitenote_active":false,"_monsterinsights_sitenote_note":"","_monsterinsights_sitenote_category":0,"footnotes":""},"class_list":["post-17694","page","type-page","status-publish","has-post-thumbnail","hentry"],"aioseo_notices":[],"yoast_head":"<!-- This site is optimized with the Yoast SEO plugin v24.1 - https:\/\/yoast.com\/wordpress\/plugins\/seo\/ -->\n<title>Canal \u00e9tico - Pineda<\/title>\n<meta name=\"description\" content=\"El objetivo del canal \u00e9tico de Pineda es resolver dudas sobre la aplicaci\u00f3n del C\u00f3digo \u00c9tico. Le dejamos un formulario para que escriba.\" \/>\n<meta name=\"robots\" content=\"index, follow, max-snippet:-1, max-image-preview:large, max-video-preview:-1\" \/>\n<link rel=\"canonical\" href=\"https:\/\/pineda.es\/es\/canal-etico\/\" \/>\n<meta property=\"og:locale\" content=\"es_ES\" \/>\n<meta property=\"og:type\" content=\"article\" \/>\n<meta property=\"og:title\" content=\"Canal \u00e9tico - Pineda\" \/>\n<meta property=\"og:description\" content=\"El objetivo del canal \u00e9tico de Pineda es resolver dudas sobre la aplicaci\u00f3n del C\u00f3digo \u00c9tico. Le dejamos un formulario para que escriba.\" \/>\n<meta property=\"og:url\" content=\"https:\/\/pineda.es\/es\/canal-etico\/\" \/>\n<meta property=\"og:site_name\" content=\"Pineda\" \/>\n<meta property=\"article:modified_time\" content=\"2024-07-11T08:16:31+00:00\" \/>\n<meta property=\"og:image\" content=\"https:\/\/pineda.es\/wp-content\/uploads\/2021\/07\/avantpmm-2167-scaled.jpg\" \/>\n\t<meta property=\"og:image:width\" content=\"2560\" \/>\n\t<meta property=\"og:image:height\" content=\"1703\" \/>\n\t<meta property=\"og:image:type\" content=\"image\/jpeg\" \/>\n<meta name=\"twitter:card\" content=\"summary_large_image\" \/>\n<meta name=\"twitter:label1\" content=\"Tiempo de lectura\" \/>\n\t<meta name=\"twitter:data1\" content=\"2 minutos\" \/>\n<script type=\"application\/ld+json\" class=\"yoast-schema-graph\">{\"@context\":\"https:\/\/schema.org\",\"@graph\":[{\"@type\":\"WebPage\",\"@id\":\"https:\/\/pineda.es\/es\/canal-etico\/\",\"url\":\"https:\/\/pineda.es\/es\/canal-etico\/\",\"name\":\"Canal \u00e9tico - Pineda\",\"isPartOf\":{\"@id\":\"https:\/\/pineda.es\/es\/#website\"},\"primaryImageOfPage\":{\"@id\":\"https:\/\/pineda.es\/es\/canal-etico\/#primaryimage\"},\"image\":{\"@id\":\"https:\/\/pineda.es\/es\/canal-etico\/#primaryimage\"},\"thumbnailUrl\":\"https:\/\/pineda.es\/wp-content\/uploads\/2021\/07\/avantpmm-2167-scaled.jpg\",\"datePublished\":\"2023-11-24T11:18:39+00:00\",\"dateModified\":\"2024-07-11T08:16:31+00:00\",\"description\":\"El objetivo del canal \u00e9tico de Pineda es resolver dudas sobre la aplicaci\u00f3n del C\u00f3digo \u00c9tico. Le dejamos un formulario para que escriba.\",\"breadcrumb\":{\"@id\":\"https:\/\/pineda.es\/es\/canal-etico\/#breadcrumb\"},\"inLanguage\":\"es\",\"potentialAction\":[{\"@type\":\"ReadAction\",\"target\":[\"https:\/\/pineda.es\/es\/canal-etico\/\"]}]},{\"@type\":\"ImageObject\",\"inLanguage\":\"es\",\"@id\":\"https:\/\/pineda.es\/es\/canal-etico\/#primaryimage\",\"url\":\"https:\/\/pineda.es\/wp-content\/uploads\/2021\/07\/avantpmm-2167-scaled.jpg\",\"contentUrl\":\"https:\/\/pineda.es\/wp-content\/uploads\/2021\/07\/avantpmm-2167-scaled.jpg\",\"width\":2560,\"height\":1703},{\"@type\":\"BreadcrumbList\",\"@id\":\"https:\/\/pineda.es\/es\/canal-etico\/#breadcrumb\",\"itemListElement\":[{\"@type\":\"ListItem\",\"position\":1,\"name\":\"Portada\",\"item\":\"https:\/\/pineda.es\/es\/\"},{\"@type\":\"ListItem\",\"position\":2,\"name\":\"Canal \u00e9tico\"}]},{\"@type\":\"WebSite\",\"@id\":\"https:\/\/pineda.es\/es\/#website\",\"url\":\"https:\/\/pineda.es\/es\/\",\"name\":\"Pineda\",\"description\":\"Inspirant el futur\",\"publisher\":{\"@id\":\"https:\/\/pineda.es\/es\/#organization\"},\"potentialAction\":[{\"@type\":\"SearchAction\",\"target\":{\"@type\":\"EntryPoint\",\"urlTemplate\":\"https:\/\/pineda.es\/es\/?s={search_term_string}\"},\"query-input\":{\"@type\":\"PropertyValueSpecification\",\"valueRequired\":true,\"valueName\":\"search_term_string\"}}],\"inLanguage\":\"es\"},{\"@type\":\"Organization\",\"@id\":\"https:\/\/pineda.es\/es\/#organization\",\"name\":\"Pineda\",\"url\":\"https:\/\/pineda.es\/es\/\",\"logo\":{\"@type\":\"ImageObject\",\"inLanguage\":\"es\",\"@id\":\"https:\/\/pineda.es\/es\/#\/schema\/logo\/image\/\",\"url\":\"https:\/\/pineda.es\/wp-content\/uploads\/2021\/07\/Recurso-2pago-seguro.png\",\"contentUrl\":\"https:\/\/pineda.es\/wp-content\/uploads\/2021\/07\/Recurso-2pago-seguro.png\",\"width\":1513,\"height\":556,\"caption\":\"Pineda\"},\"image\":{\"@id\":\"https:\/\/pineda.es\/es\/#\/schema\/logo\/image\/\"}}]}<\/script>\n<!-- \/ Yoast SEO plugin. -->","yoast_head_json":{"title":"Canal \u00e9tico - Pineda","description":"El objetivo del canal \u00e9tico de Pineda es resolver dudas sobre la aplicaci\u00f3n del C\u00f3digo \u00c9tico. Le dejamos un formulario para que escriba.","robots":{"index":"index","follow":"follow","max-snippet":"max-snippet:-1","max-image-preview":"max-image-preview:large","max-video-preview":"max-video-preview:-1"},"canonical":"https:\/\/pineda.es\/es\/canal-etico\/","og_locale":"es_ES","og_type":"article","og_title":"Canal \u00e9tico - Pineda","og_description":"El objetivo del canal \u00e9tico de Pineda es resolver dudas sobre la aplicaci\u00f3n del C\u00f3digo \u00c9tico. Le dejamos un formulario para que escriba.","og_url":"https:\/\/pineda.es\/es\/canal-etico\/","og_site_name":"Pineda","article_modified_time":"2024-07-11T08:16:31+00:00","og_image":[{"width":2560,"height":1703,"url":"https:\/\/pineda.es\/wp-content\/uploads\/2021\/07\/avantpmm-2167-scaled.jpg","type":"image\/jpeg"}],"twitter_card":"summary_large_image","twitter_misc":{"Tiempo de lectura":"2 minutos"},"schema":{"@context":"https:\/\/schema.org","@graph":[{"@type":"WebPage","@id":"https:\/\/pineda.es\/es\/canal-etico\/","url":"https:\/\/pineda.es\/es\/canal-etico\/","name":"Canal \u00e9tico - Pineda","isPartOf":{"@id":"https:\/\/pineda.es\/es\/#website"},"primaryImageOfPage":{"@id":"https:\/\/pineda.es\/es\/canal-etico\/#primaryimage"},"image":{"@id":"https:\/\/pineda.es\/es\/canal-etico\/#primaryimage"},"thumbnailUrl":"https:\/\/pineda.es\/wp-content\/uploads\/2021\/07\/avantpmm-2167-scaled.jpg","datePublished":"2023-11-24T11:18:39+00:00","dateModified":"2024-07-11T08:16:31+00:00","description":"El objetivo del canal \u00e9tico de Pineda es resolver dudas sobre la aplicaci\u00f3n del C\u00f3digo \u00c9tico. Le dejamos un formulario para que escriba.","breadcrumb":{"@id":"https:\/\/pineda.es\/es\/canal-etico\/#breadcrumb"},"inLanguage":"es","potentialAction":[{"@type":"ReadAction","target":["https:\/\/pineda.es\/es\/canal-etico\/"]}]},{"@type":"ImageObject","inLanguage":"es","@id":"https:\/\/pineda.es\/es\/canal-etico\/#primaryimage","url":"https:\/\/pineda.es\/wp-content\/uploads\/2021\/07\/avantpmm-2167-scaled.jpg","contentUrl":"https:\/\/pineda.es\/wp-content\/uploads\/2021\/07\/avantpmm-2167-scaled.jpg","width":2560,"height":1703},{"@type":"BreadcrumbList","@id":"https:\/\/pineda.es\/es\/canal-etico\/#breadcrumb","itemListElement":[{"@type":"ListItem","position":1,"name":"Portada","item":"https:\/\/pineda.es\/es\/"},{"@type":"ListItem","position":2,"name":"Canal \u00e9tico"}]},{"@type":"WebSite","@id":"https:\/\/pineda.es\/es\/#website","url":"https:\/\/pineda.es\/es\/","name":"Pineda","description":"Inspirant el futur","publisher":{"@id":"https:\/\/pineda.es\/es\/#organization"},"potentialAction":[{"@type":"SearchAction","target":{"@type":"EntryPoint","urlTemplate":"https:\/\/pineda.es\/es\/?s={search_term_string}"},"query-input":{"@type":"PropertyValueSpecification","valueRequired":true,"valueName":"search_term_string"}}],"inLanguage":"es"},{"@type":"Organization","@id":"https:\/\/pineda.es\/es\/#organization","name":"Pineda","url":"https:\/\/pineda.es\/es\/","logo":{"@type":"ImageObject","inLanguage":"es","@id":"https:\/\/pineda.es\/es\/#\/schema\/logo\/image\/","url":"https:\/\/pineda.es\/wp-content\/uploads\/2021\/07\/Recurso-2pago-seguro.png","contentUrl":"https:\/\/pineda.es\/wp-content\/uploads\/2021\/07\/Recurso-2pago-seguro.png","width":1513,"height":556,"caption":"Pineda"},"image":{"@id":"https:\/\/pineda.es\/es\/#\/schema\/logo\/image\/"}}]}},"_links":{"self":[{"href":"https:\/\/pineda.es\/es\/wp-json\/wp\/v2\/pages\/17694","targetHints":{"allow":["GET"]}}],"collection":[{"href":"https:\/\/pineda.es\/es\/wp-json\/wp\/v2\/pages"}],"about":[{"href":"https:\/\/pineda.es\/es\/wp-json\/wp\/v2\/types\/page"}],"author":[{"embeddable":true,"href":"https:\/\/pineda.es\/es\/wp-json\/wp\/v2\/users\/4"}],"replies":[{"embeddable":true,"href":"https:\/\/pineda.es\/es\/wp-json\/wp\/v2\/comments?post=17694"}],"version-history":[{"count":7,"href":"https:\/\/pineda.es\/es\/wp-json\/wp\/v2\/pages\/17694\/revisions"}],"predecessor-version":[{"id":18346,"href":"https:\/\/pineda.es\/es\/wp-json\/wp\/v2\/pages\/17694\/revisions\/18346"}],"wp:featuredmedia":[{"embeddable":true,"href":"https:\/\/pineda.es\/es\/wp-json\/wp\/v2\/media\/3164"}],"wp:attachment":[{"href":"https:\/\/pineda.es\/es\/wp-json\/wp\/v2\/media?parent=17694"}],"curies":[{"name":"wp","href":"https:\/\/api.w.org\/{rel}","templated":true}]}}