{"id":3519,"date":"2021-11-17T10:07:23","date_gmt":"2021-11-17T09:07:23","guid":{"rendered":"https:\/\/niunapalabraanadie.com\/pineda\/solicita-informacion\/"},"modified":"2024-07-09T14:46:38","modified_gmt":"2024-07-09T12:46:38","slug":"solicita-informacion","status":"publish","type":"page","link":"https:\/\/pineda.es\/es\/solicita-informacion\/","title":{"rendered":"Solicita informaci\u00f3n"},"content":{"rendered":"\t\t<div data-elementor-type=\"wp-page\" data-elementor-id=\"3519\" class=\"elementor elementor-3519 elementor-1601\">\n\t\t\t\t\t\t<section data-particle_enable=\"false\" data-particle-mobile-disabled=\"false\" class=\"elementor-section elementor-top-section elementor-element elementor-element-7b8aced elementor-section-full_width elementor-section-height-default elementor-section-height-default\" data-id=\"7b8aced\" data-element_type=\"section\">\n\t\t\t\t\t\t<div class=\"elementor-container elementor-column-gap-no\">\n\t\t\t\t\t<div class=\"elementor-column elementor-col-100 elementor-top-column elementor-element elementor-element-12b2130\" data-id=\"12b2130\" data-element_type=\"column\">\n\t\t\t<div class=\"elementor-widget-wrap elementor-element-populated\">\n\t\t\t\t\t\t<div class=\"elementor-element elementor-element-7de9915 elementor--h-position-center elementor--v-position-middle elementor-widget elementor-widget-slides\" data-id=\"7de9915\" data-element_type=\"widget\" data-settings=\"{&quot;navigation&quot;:&quot;none&quot;,&quot;transition&quot;:&quot;slide&quot;,&quot;transition_speed&quot;:500}\" data-widget_type=\"slides.default\">\n\t\t\t\t<div class=\"elementor-widget-container\">\n\t\t\t\t\t<div class=\"elementor-swiper\">\n\t\t\t<div class=\"elementor-slides-wrapper elementor-main-swiper swiper\" dir=\"ltr\" data-animation=\"\">\n\t\t\t\t<div class=\"swiper-wrapper elementor-slides\">\n\t\t\t\t\t\t\t\t\t\t<div class=\"elementor-repeater-item-8bc8c26 swiper-slide\"><div class=\"swiper-slide-bg\" role=\"img\"><\/div><div class=\"elementor-background-overlay\"><\/div><div class=\"swiper-slide-inner\" ><div class=\"swiper-slide-contents\"><div class=\"elementor-slide-heading\">SOLICITA INFORMACI\u00d3N<\/div><\/div><\/div><\/div>\t\t\t\t<\/div>\n\t\t\t\t\t\t\t<\/div>\n\t\t<\/div>\n\t\t\t\t<\/div>\n\t\t\t\t<\/div>\n\t\t\t\t<div class=\"elementor-element elementor-element-f0d3b1f elementor-widget elementor-widget-heading\" data-id=\"f0d3b1f\" data-element_type=\"widget\" data-widget_type=\"heading.default\">\n\t\t\t\t<div class=\"elementor-widget-container\">\n\t\t\t<h2 class=\"elementor-heading-title elementor-size-default\">Solicita informaci\u00f3n<\/h2>\t\t<\/div>\n\t\t\t\t<\/div>\n\t\t\t\t<div class=\"elementor-element elementor-element-d54c3eb elementor-widget elementor-widget-spacer\" data-id=\"d54c3eb\" data-element_type=\"widget\" data-widget_type=\"spacer.default\">\n\t\t\t\t<div class=\"elementor-widget-container\">\n\t\t\t\t\t<div class=\"elementor-spacer\">\n\t\t\t<div class=\"elementor-spacer-inner\"><\/div>\n\t\t<\/div>\n\t\t\t\t<\/div>\n\t\t\t\t<\/div>\n\t\t\t\t\t<\/div>\n\t\t<\/div>\n\t\t\t\t\t<\/div>\n\t\t<\/section>\n\t\t\t\t<section data-particle_enable=\"false\" data-particle-mobile-disabled=\"false\" class=\"elementor-section elementor-top-section elementor-element elementor-element-398fd7c elementor-section-boxed elementor-section-height-default elementor-section-height-default\" data-id=\"398fd7c\" data-element_type=\"section\">\n\t\t\t\t\t\t<div class=\"elementor-container elementor-column-gap-default\">\n\t\t\t\t\t<div class=\"elementor-column elementor-col-33 elementor-top-column elementor-element elementor-element-b9271b2\" data-id=\"b9271b2\" data-element_type=\"column\">\n\t\t\t<div class=\"elementor-widget-wrap elementor-element-populated\">\n\t\t\t\t\t\t<div class=\"elementor-element elementor-element-17f1112 elementor-view-default elementor-position-top elementor-mobile-position-top elementor-widget elementor-widget-icon-box\" data-id=\"17f1112\" data-element_type=\"widget\" data-widget_type=\"icon-box.default\">\n\t\t\t\t<div class=\"elementor-widget-container\">\n\t\t\t\t\t<div class=\"elementor-icon-box-wrapper\">\n\n\t\t\t\t\t\t<div class=\"elementor-icon-box-icon\">\n\t\t\t\t<span  class=\"elementor-icon elementor-animation-\">\n\t\t\t\t<i aria-hidden=\"true\" class=\"fas fa-phone\"><\/i>\t\t\t\t<\/span>\n\t\t\t<\/div>\n\t\t\t\n\t\t\t\t\t\t<div class=\"elementor-icon-box-content\">\n\n\t\t\t\t\t\t\t\t\t<h3 class=\"elementor-icon-box-title\">\n\t\t\t\t\t\t<span  >\n\t\t\t\t\t\t\t93 263 79 90\t\t\t\t\t\t<\/span>\n\t\t\t\t\t<\/h3>\n\t\t\t\t\n\t\t\t\t\t\t\t\t\t<p class=\"elementor-icon-box-description\">\n\t\t\t\t\t\tLl\u00e1manos\t\t\t\t\t<\/p>\n\t\t\t\t\n\t\t\t<\/div>\n\t\t\t\n\t\t<\/div>\n\t\t\t\t<\/div>\n\t\t\t\t<\/div>\n\t\t\t\t\t<\/div>\n\t\t<\/div>\n\t\t\t\t<div class=\"elementor-column elementor-col-33 elementor-top-column elementor-element elementor-element-3632936\" data-id=\"3632936\" data-element_type=\"column\">\n\t\t\t<div class=\"elementor-widget-wrap elementor-element-populated\">\n\t\t\t\t\t\t<div class=\"elementor-element elementor-element-7e15c3d elementor-view-default elementor-position-top elementor-mobile-position-top elementor-widget elementor-widget-icon-box\" data-id=\"7e15c3d\" data-element_type=\"widget\" data-widget_type=\"icon-box.default\">\n\t\t\t\t<div class=\"elementor-widget-container\">\n\t\t\t\t\t<div class=\"elementor-icon-box-wrapper\">\n\n\t\t\t\t\t\t<div class=\"elementor-icon-box-icon\">\n\t\t\t\t<span  class=\"elementor-icon elementor-animation-\">\n\t\t\t\t<i aria-hidden=\"true\" class=\"far fa-envelope\"><\/i>\t\t\t\t<\/span>\n\t\t\t<\/div>\n\t\t\t\n\t\t\t\t\t\t<div class=\"elementor-icon-box-content\">\n\n\t\t\t\t\t\t\t\t\t<h3 class=\"elementor-icon-box-title\">\n\t\t\t\t\t\t<span  >\n\t\t\t\t\t\t\tinfo@pineda.es\t\t\t\t\t\t<\/span>\n\t\t\t\t\t<\/h3>\n\t\t\t\t\n\t\t\t\t\t\t\t\t\t<p class=\"elementor-icon-box-description\">\n\t\t\t\t\t\tEscr\u00edbenos\t\t\t\t\t<\/p>\n\t\t\t\t\n\t\t\t<\/div>\n\t\t\t\n\t\t<\/div>\n\t\t\t\t<\/div>\n\t\t\t\t<\/div>\n\t\t\t\t\t<\/div>\n\t\t<\/div>\n\t\t\t\t<div class=\"elementor-column elementor-col-33 elementor-top-column elementor-element elementor-element-76f3dff\" data-id=\"76f3dff\" data-element_type=\"column\">\n\t\t\t<div class=\"elementor-widget-wrap elementor-element-populated\">\n\t\t\t\t\t\t<div class=\"elementor-element elementor-element-5c3a480 elementor-view-default elementor-position-top elementor-mobile-position-top elementor-widget elementor-widget-icon-box\" data-id=\"5c3a480\" data-element_type=\"widget\" data-widget_type=\"icon-box.default\">\n\t\t\t\t<div class=\"elementor-widget-container\">\n\t\t\t\t\t<div class=\"elementor-icon-box-wrapper\">\n\n\t\t\t\t\t\t<div class=\"elementor-icon-box-icon\">\n\t\t\t\t<span  class=\"elementor-icon elementor-animation-\">\n\t\t\t\t<i aria-hidden=\"true\" class=\"fas fa-map-marked-alt\"><\/i>\t\t\t\t<\/span>\n\t\t\t<\/div>\n\t\t\t\n\t\t\t\t\t\t<div class=\"elementor-icon-box-content\">\n\n\t\t\t\t\t\t\t\t\t<h3 class=\"elementor-icon-box-title\">\n\t\t\t\t\t\t<span  >\n\t\t\t\t\t\t\tCarrer dels <br\/> Joncs,1\t\t\t\t\t\t<\/span>\n\t\t\t\t\t<\/h3>\n\t\t\t\t\n\t\t\t\t\t\t\t\t\t<p class=\"elementor-icon-box-description\">\n\t\t\t\t\t\tVis\u00edtanos\t\t\t\t\t<\/p>\n\t\t\t\t\n\t\t\t<\/div>\n\t\t\t\n\t\t<\/div>\n\t\t\t\t<\/div>\n\t\t\t\t<\/div>\n\t\t\t\t\t<\/div>\n\t\t<\/div>\n\t\t\t\t\t<\/div>\n\t\t<\/section>\n\t\t\t\t<section data-particle_enable=\"false\" data-particle-mobile-disabled=\"false\" class=\"elementor-section elementor-top-section elementor-element elementor-element-87899ec elementor-section-boxed elementor-section-height-default elementor-section-height-default\" data-id=\"87899ec\" data-element_type=\"section\">\n\t\t\t\t\t\t<div class=\"elementor-container elementor-column-gap-default\">\n\t\t\t\t\t<div class=\"elementor-column elementor-col-100 elementor-top-column elementor-element elementor-element-b22fb69\" data-id=\"b22fb69\" data-element_type=\"column\">\n\t\t\t<div class=\"elementor-widget-wrap elementor-element-populated\">\n\t\t\t\t\t\t<div class=\"elementor-element elementor-element-275d8db elementor-widget elementor-widget-html\" data-id=\"275d8db\" data-element_type=\"widget\" data-widget_type=\"html.default\">\n\t\t\t\t<div class=\"elementor-widget-container\">\n\t\t\t<script type=\"text\/javascript\" src=\"\/\/mk.avantis.edu.es\/form\/generate.js?id=9\"><\/script>\t\t<\/div>\n\t\t\t\t<\/div>\n\t\t\t\t<div class=\"elementor-element elementor-element-0dd277b elementor-widget elementor-widget-text-editor\" data-id=\"0dd277b\" data-element_type=\"widget\" data-widget_type=\"text-editor.default\">\n\t\t\t\t<div class=\"elementor-widget-container\">\n\t\t\t\t\t\t\t<p><span style=\"color: #ffffff;\">En Pineda estamos convencidos de que los padres y madres sois los protagonistas de la educaci\u00f3n de sus hijos e hijas. Como escuela queremos poner nuestra experiencia de m\u00e1s de 50 a\u00f1os a vuestro servicio para acompa\u00f1aros, ayudaros y animaros en este apasionante proyecto. Creemos que cada alumno tiene un gran potencial y una inmensa capacidad de ser feliz, por eso les ayudamos a descubrir y potenciar sus propios talentos, conocer la verdad y actuar con libertad y responsabilidad.<\/span><\/p>\n<p><span style=\"color: #ffffff;\">Ofrecemos a todas las familias que lo deseen un proyecto educativo de calidad basado en la atenci\u00f3n personalizada, apoyado en un sentido cristiano de la vida y atento a la innovaci\u00f3n pedag\u00f3gica y tecnol\u00f3gica.<\/span><\/p>\n<section class=\"elementor-section elementor-top-section elementor-element elementor-element-7a887eb elementor-section-full_width elementor-section-height-default elementor-section-height-default\" data-particle_enable=\"false\" data-particle-mobile-disabled=\"false\" data-id=\"7a887eb\" data-element_type=\"section\">\n<div class=\"elementor-container elementor-column-gap-default\">\n<div class=\"elementor-column elementor-col-100 elementor-top-column elementor-element elementor-element-fe33a4c\" data-id=\"fe33a4c\" data-element_type=\"column\">\n<div class=\"elementor-widget-wrap elementor-element-populated\">\n<div class=\"elementor-element elementor-element-b24e046 elementor-widget elementor-widget-text-editor\" data-id=\"b24e046\" data-element_type=\"widget\" data-widget_type=\"text-editor.default\">\n<div class=\"elementor-widget-container\">\n<p class=\"p1\"><span style=\"color: #ffffff;\">En Pineda tenemos el convencimiento de que los padres y madres sois los protagonistas de la educaci\u00f3n de sus hijos e hijas. Como colegio, queremos poner nuestra experiencia de m\u00e1s de 50 a\u00f1os a vuestro servicio para acompa\u00f1aros, ayudaros y animaros en este apasionante proyecto. Creemos que cada alumno y alumna tiene un gran potencial y una inmensa capacidad de ser feliz. Por eso, os ayudamos a descubrir y a potenciar sus propios talentos; a conocer la verdad y a actuar con libertad y responsabilidad.<\/span><\/p>\n<\/div>\n<\/div>\n<\/div>\n<\/div>\n<\/div>\n<\/section>\n\t\t\t\t\t\t<\/div>\n\t\t\t\t<\/div>\n\t\t\t\t\t<\/div>\n\t\t<\/div>\n\t\t\t\t\t<\/div>\n\t\t<\/section>\n\t\t\t\t<section data-particle_enable=\"false\" data-particle-mobile-disabled=\"false\" class=\"elementor-section elementor-top-section elementor-element elementor-element-851ce18 elementor-section-full_width elementor-section-height-default elementor-section-height-default\" data-id=\"851ce18\" data-element_type=\"section\">\n\t\t\t\t\t\t<div class=\"elementor-container elementor-column-gap-default\">\n\t\t\t\t\t<div class=\"elementor-column elementor-col-100 elementor-top-column elementor-element elementor-element-c40f024\" data-id=\"c40f024\" data-element_type=\"column\">\n\t\t\t<div class=\"elementor-widget-wrap elementor-element-populated\">\n\t\t\t\t\t\t<section data-particle_enable=\"false\" data-particle-mobile-disabled=\"false\" class=\"elementor-section elementor-inner-section elementor-element elementor-element-1095be2 elementor-section-content-middle elementor-section-boxed elementor-section-height-default elementor-section-height-default\" data-id=\"1095be2\" data-element_type=\"section\">\n\t\t\t\t\t\t<div class=\"elementor-container elementor-column-gap-default\">\n\t\t\t\t\t<div class=\"elementor-column elementor-col-33 elementor-inner-column elementor-element elementor-element-dda6958\" data-id=\"dda6958\" data-element_type=\"column\" data-settings=\"{&quot;background_background&quot;:&quot;classic&quot;}\">\n\t\t\t<div class=\"elementor-widget-wrap elementor-element-populated\">\n\t\t\t\t\t\t<div class=\"elementor-element elementor-element-8b51ae8 elementor-widget elementor-widget-image\" data-id=\"8b51ae8\" data-element_type=\"widget\" data-widget_type=\"image.default\">\n\t\t\t\t<div class=\"elementor-widget-container\">\n\t\t\t\t\t\t\t\t\t\t\t\t\t\t<a href=\"https:\/\/www.avantis.edu.es\/es\/\">\n\t\t\t\t\t\t\t<img decoding=\"async\" width=\"300\" height=\"97\" src=\"https:\/\/pineda.es\/wp-content\/uploads\/2021\/07\/Avantis_logo-300x97.png\" class=\"attachment-medium size-medium wp-image-3174\" alt=\"\" srcset=\"https:\/\/pineda.es\/wp-content\/uploads\/2021\/07\/Avantis_logo-300x97.png 300w, https:\/\/pineda.es\/wp-content\/uploads\/2021\/07\/Avantis_logo-1024x333.png 1024w, https:\/\/pineda.es\/wp-content\/uploads\/2021\/07\/Avantis_logo-768x250.png 768w, https:\/\/pineda.es\/wp-content\/uploads\/2021\/07\/Avantis_logo-1536x499.png 1536w, https:\/\/pineda.es\/wp-content\/uploads\/2021\/07\/Avantis_logo.png 1945w\" sizes=\"(max-width: 300px) 100vw, 300px\" \/>\t\t\t\t\t\t\t\t<\/a>\n\t\t\t\t\t\t\t\t\t\t\t\t\t<\/div>\n\t\t\t\t<\/div>\n\t\t\t\t\t<\/div>\n\t\t<\/div>\n\t\t\t\t<div class=\"elementor-column elementor-col-33 elementor-inner-column elementor-element elementor-element-ca342b3\" data-id=\"ca342b3\" data-element_type=\"column\" data-settings=\"{&quot;background_background&quot;:&quot;classic&quot;}\">\n\t\t\t<div class=\"elementor-widget-wrap elementor-element-populated\">\n\t\t\t\t\t\t<div class=\"elementor-element elementor-element-ba0c35f elementor-widget elementor-widget-image\" data-id=\"ba0c35f\" data-element_type=\"widget\" data-widget_type=\"image.default\">\n\t\t\t\t<div class=\"elementor-widget-container\">\n\t\t\t\t\t\t\t\t\t\t\t\t\t\t<a href=\"https:\/\/pineda.es\/es\/\">\n\t\t\t\t\t\t\t<img decoding=\"async\" width=\"300\" height=\"111\" src=\"https:\/\/pineda.es\/wp-content\/uploads\/2021\/07\/Recurso-1LOGO-PINEDA-300x111.png\" class=\"attachment-medium size-medium wp-image-3105\" alt=\"\" srcset=\"https:\/\/pineda.es\/wp-content\/uploads\/2021\/07\/Recurso-1LOGO-PINEDA-300x111.png 300w, https:\/\/pineda.es\/wp-content\/uploads\/2021\/07\/Recurso-1LOGO-PINEDA.png 735w\" sizes=\"(max-width: 300px) 100vw, 300px\" \/>\t\t\t\t\t\t\t\t<\/a>\n\t\t\t\t\t\t\t\t\t\t\t\t\t<\/div>\n\t\t\t\t<\/div>\n\t\t\t\t\t<\/div>\n\t\t<\/div>\n\t\t\t\t<div class=\"elementor-column elementor-col-33 elementor-inner-column elementor-element elementor-element-3dc3749\" data-id=\"3dc3749\" data-element_type=\"column\" data-settings=\"{&quot;background_background&quot;:&quot;classic&quot;}\">\n\t\t\t<div class=\"elementor-widget-wrap elementor-element-populated\">\n\t\t\t\t\t\t<div class=\"elementor-element elementor-element-64e74fc elementor-widget elementor-widget-image\" data-id=\"64e74fc\" data-element_type=\"widget\" data-widget_type=\"image.default\">\n\t\t\t\t<div class=\"elementor-widget-container\">\n\t\t\t\t\t\t\t\t\t\t\t\t\t\t<a href=\"https:\/\/www.xaloc.org\/es\/index.htm\">\n\t\t\t\t\t\t\t<img decoding=\"async\" width=\"300\" height=\"90\" src=\"https:\/\/pineda.es\/wp-content\/uploads\/2021\/07\/Recurso-1LOGO-XALOC-300x90.png\" class=\"attachment-medium size-medium wp-image-3140\" alt=\"\" srcset=\"https:\/\/pineda.es\/wp-content\/uploads\/2021\/07\/Recurso-1LOGO-XALOC-300x90.png 300w, https:\/\/pineda.es\/wp-content\/uploads\/2021\/07\/Recurso-1LOGO-XALOC-1024x309.png 1024w, https:\/\/pineda.es\/wp-content\/uploads\/2021\/07\/Recurso-1LOGO-XALOC-768x232.png 768w, https:\/\/pineda.es\/wp-content\/uploads\/2021\/07\/Recurso-1LOGO-XALOC-1536x463.png 1536w, https:\/\/pineda.es\/wp-content\/uploads\/2021\/07\/Recurso-1LOGO-XALOC-2048x618.png 2048w\" sizes=\"(max-width: 300px) 100vw, 300px\" \/>\t\t\t\t\t\t\t\t<\/a>\n\t\t\t\t\t\t\t\t\t\t\t\t\t<\/div>\n\t\t\t\t<\/div>\n\t\t\t\t\t<\/div>\n\t\t<\/div>\n\t\t\t\t\t<\/div>\n\t\t<\/section>\n\t\t\t\t\t<\/div>\n\t\t<\/div>\n\t\t\t\t\t<\/div>\n\t\t<\/section>\n\t\t\t\t<\/div>\n\t\t","protected":false},"excerpt":{"rendered":"<p>SOLICITA INFORMACI\u00d3N Solicita informaci\u00f3n 93 263 79 90 Ll\u00e1manos info@pineda.es Escr\u00edbenos Carrer dels Joncs,1 Vis\u00edtanos En Pineda estamos convencidos de que los padres y madres sois los protagonistas de la [&hellip;]<\/p>\n","protected":false},"author":1,"featured_media":3164,"parent":0,"menu_order":0,"comment_status":"closed","ping_status":"closed","template":"elementor_header_footer","meta":{"_monsterinsights_skip_tracking":false,"_monsterinsights_sitenote_active":false,"_monsterinsights_sitenote_note":"","_monsterinsights_sitenote_category":0,"footnotes":""},"class_list":["post-3519","page","type-page","status-publish","has-post-thumbnail","hentry"],"aioseo_notices":[],"yoast_head":"<!-- This site is optimized with the Yoast SEO plugin v24.1 - https:\/\/yoast.com\/wordpress\/plugins\/seo\/ -->\n<title>Solicita informaci\u00f3n - Pineda<\/title>\n<meta name=\"description\" content=\"Solicita informaci\u00f3n. Puedes solicitar m\u00e1s informaci\u00f3n por tel\u00e9fono, correo electr\u00f3nico o visitando nuestras instalaciones.\" \/>\n<meta name=\"robots\" content=\"index, follow, max-snippet:-1, max-image-preview:large, max-video-preview:-1\" \/>\n<link rel=\"canonical\" href=\"https:\/\/pineda.es\/es\/solicita-informacion\/\" \/>\n<meta property=\"og:locale\" content=\"es_ES\" \/>\n<meta property=\"og:type\" content=\"article\" \/>\n<meta property=\"og:title\" content=\"Solicita informaci\u00f3n - Pineda\" \/>\n<meta property=\"og:description\" content=\"Solicita informaci\u00f3n. Puedes solicitar m\u00e1s informaci\u00f3n por tel\u00e9fono, correo electr\u00f3nico o visitando nuestras instalaciones.\" \/>\n<meta property=\"og:url\" content=\"https:\/\/pineda.es\/es\/solicita-informacion\/\" \/>\n<meta property=\"og:site_name\" content=\"Pineda\" \/>\n<meta property=\"article:modified_time\" content=\"2024-07-09T12:46:38+00:00\" \/>\n<meta property=\"og:image\" content=\"https:\/\/pineda.es\/wp-content\/uploads\/2021\/07\/avantpmm-2167-scaled.jpg\" \/>\n\t<meta property=\"og:image:width\" content=\"2560\" \/>\n\t<meta property=\"og:image:height\" content=\"1703\" \/>\n\t<meta property=\"og:image:type\" content=\"image\/jpeg\" \/>\n<meta name=\"twitter:card\" content=\"summary_large_image\" \/>\n<meta name=\"twitter:label1\" content=\"Tiempo de lectura\" \/>\n\t<meta name=\"twitter:data1\" content=\"2 minutos\" \/>\n<script type=\"application\/ld+json\" class=\"yoast-schema-graph\">{\"@context\":\"https:\/\/schema.org\",\"@graph\":[{\"@type\":\"WebPage\",\"@id\":\"https:\/\/pineda.es\/es\/solicita-informacion\/\",\"url\":\"https:\/\/pineda.es\/es\/solicita-informacion\/\",\"name\":\"Solicita informaci\u00f3n - Pineda\",\"isPartOf\":{\"@id\":\"https:\/\/pineda.es\/es\/#website\"},\"primaryImageOfPage\":{\"@id\":\"https:\/\/pineda.es\/es\/solicita-informacion\/#primaryimage\"},\"image\":{\"@id\":\"https:\/\/pineda.es\/es\/solicita-informacion\/#primaryimage\"},\"thumbnailUrl\":\"https:\/\/pineda.es\/wp-content\/uploads\/2021\/07\/avantpmm-2167-scaled.jpg\",\"datePublished\":\"2021-11-17T09:07:23+00:00\",\"dateModified\":\"2024-07-09T12:46:38+00:00\",\"description\":\"Solicita informaci\u00f3n. Puedes solicitar m\u00e1s informaci\u00f3n por tel\u00e9fono, correo electr\u00f3nico o visitando nuestras instalaciones.\",\"breadcrumb\":{\"@id\":\"https:\/\/pineda.es\/es\/solicita-informacion\/#breadcrumb\"},\"inLanguage\":\"es\",\"potentialAction\":[{\"@type\":\"ReadAction\",\"target\":[\"https:\/\/pineda.es\/es\/solicita-informacion\/\"]}]},{\"@type\":\"ImageObject\",\"inLanguage\":\"es\",\"@id\":\"https:\/\/pineda.es\/es\/solicita-informacion\/#primaryimage\",\"url\":\"https:\/\/pineda.es\/wp-content\/uploads\/2021\/07\/avantpmm-2167-scaled.jpg\",\"contentUrl\":\"https:\/\/pineda.es\/wp-content\/uploads\/2021\/07\/avantpmm-2167-scaled.jpg\",\"width\":2560,\"height\":1703},{\"@type\":\"BreadcrumbList\",\"@id\":\"https:\/\/pineda.es\/es\/solicita-informacion\/#breadcrumb\",\"itemListElement\":[{\"@type\":\"ListItem\",\"position\":1,\"name\":\"Portada\",\"item\":\"https:\/\/pineda.es\/es\/\"},{\"@type\":\"ListItem\",\"position\":2,\"name\":\"Solicita informaci\u00f3n\"}]},{\"@type\":\"WebSite\",\"@id\":\"https:\/\/pineda.es\/es\/#website\",\"url\":\"https:\/\/pineda.es\/es\/\",\"name\":\"Pineda\",\"description\":\"Inspirant el futur\",\"publisher\":{\"@id\":\"https:\/\/pineda.es\/es\/#organization\"},\"potentialAction\":[{\"@type\":\"SearchAction\",\"target\":{\"@type\":\"EntryPoint\",\"urlTemplate\":\"https:\/\/pineda.es\/es\/?s={search_term_string}\"},\"query-input\":{\"@type\":\"PropertyValueSpecification\",\"valueRequired\":true,\"valueName\":\"search_term_string\"}}],\"inLanguage\":\"es\"},{\"@type\":\"Organization\",\"@id\":\"https:\/\/pineda.es\/es\/#organization\",\"name\":\"Pineda\",\"url\":\"https:\/\/pineda.es\/es\/\",\"logo\":{\"@type\":\"ImageObject\",\"inLanguage\":\"es\",\"@id\":\"https:\/\/pineda.es\/es\/#\/schema\/logo\/image\/\",\"url\":\"https:\/\/pineda.es\/wp-content\/uploads\/2021\/07\/Recurso-2pago-seguro.png\",\"contentUrl\":\"https:\/\/pineda.es\/wp-content\/uploads\/2021\/07\/Recurso-2pago-seguro.png\",\"width\":1513,\"height\":556,\"caption\":\"Pineda\"},\"image\":{\"@id\":\"https:\/\/pineda.es\/es\/#\/schema\/logo\/image\/\"}}]}<\/script>\n<!-- \/ Yoast SEO plugin. -->","yoast_head_json":{"title":"Solicita informaci\u00f3n - Pineda","description":"Solicita informaci\u00f3n. Puedes solicitar m\u00e1s informaci\u00f3n por tel\u00e9fono, correo electr\u00f3nico o visitando nuestras instalaciones.","robots":{"index":"index","follow":"follow","max-snippet":"max-snippet:-1","max-image-preview":"max-image-preview:large","max-video-preview":"max-video-preview:-1"},"canonical":"https:\/\/pineda.es\/es\/solicita-informacion\/","og_locale":"es_ES","og_type":"article","og_title":"Solicita informaci\u00f3n - Pineda","og_description":"Solicita informaci\u00f3n. Puedes solicitar m\u00e1s informaci\u00f3n por tel\u00e9fono, correo electr\u00f3nico o visitando nuestras instalaciones.","og_url":"https:\/\/pineda.es\/es\/solicita-informacion\/","og_site_name":"Pineda","article_modified_time":"2024-07-09T12:46:38+00:00","og_image":[{"width":2560,"height":1703,"url":"https:\/\/pineda.es\/wp-content\/uploads\/2021\/07\/avantpmm-2167-scaled.jpg","type":"image\/jpeg"}],"twitter_card":"summary_large_image","twitter_misc":{"Tiempo de lectura":"2 minutos"},"schema":{"@context":"https:\/\/schema.org","@graph":[{"@type":"WebPage","@id":"https:\/\/pineda.es\/es\/solicita-informacion\/","url":"https:\/\/pineda.es\/es\/solicita-informacion\/","name":"Solicita informaci\u00f3n - Pineda","isPartOf":{"@id":"https:\/\/pineda.es\/es\/#website"},"primaryImageOfPage":{"@id":"https:\/\/pineda.es\/es\/solicita-informacion\/#primaryimage"},"image":{"@id":"https:\/\/pineda.es\/es\/solicita-informacion\/#primaryimage"},"thumbnailUrl":"https:\/\/pineda.es\/wp-content\/uploads\/2021\/07\/avantpmm-2167-scaled.jpg","datePublished":"2021-11-17T09:07:23+00:00","dateModified":"2024-07-09T12:46:38+00:00","description":"Solicita informaci\u00f3n. Puedes solicitar m\u00e1s informaci\u00f3n por tel\u00e9fono, correo electr\u00f3nico o visitando nuestras instalaciones.","breadcrumb":{"@id":"https:\/\/pineda.es\/es\/solicita-informacion\/#breadcrumb"},"inLanguage":"es","potentialAction":[{"@type":"ReadAction","target":["https:\/\/pineda.es\/es\/solicita-informacion\/"]}]},{"@type":"ImageObject","inLanguage":"es","@id":"https:\/\/pineda.es\/es\/solicita-informacion\/#primaryimage","url":"https:\/\/pineda.es\/wp-content\/uploads\/2021\/07\/avantpmm-2167-scaled.jpg","contentUrl":"https:\/\/pineda.es\/wp-content\/uploads\/2021\/07\/avantpmm-2167-scaled.jpg","width":2560,"height":1703},{"@type":"BreadcrumbList","@id":"https:\/\/pineda.es\/es\/solicita-informacion\/#breadcrumb","itemListElement":[{"@type":"ListItem","position":1,"name":"Portada","item":"https:\/\/pineda.es\/es\/"},{"@type":"ListItem","position":2,"name":"Solicita informaci\u00f3n"}]},{"@type":"WebSite","@id":"https:\/\/pineda.es\/es\/#website","url":"https:\/\/pineda.es\/es\/","name":"Pineda","description":"Inspirant el futur","publisher":{"@id":"https:\/\/pineda.es\/es\/#organization"},"potentialAction":[{"@type":"SearchAction","target":{"@type":"EntryPoint","urlTemplate":"https:\/\/pineda.es\/es\/?s={search_term_string}"},"query-input":{"@type":"PropertyValueSpecification","valueRequired":true,"valueName":"search_term_string"}}],"inLanguage":"es"},{"@type":"Organization","@id":"https:\/\/pineda.es\/es\/#organization","name":"Pineda","url":"https:\/\/pineda.es\/es\/","logo":{"@type":"ImageObject","inLanguage":"es","@id":"https:\/\/pineda.es\/es\/#\/schema\/logo\/image\/","url":"https:\/\/pineda.es\/wp-content\/uploads\/2021\/07\/Recurso-2pago-seguro.png","contentUrl":"https:\/\/pineda.es\/wp-content\/uploads\/2021\/07\/Recurso-2pago-seguro.png","width":1513,"height":556,"caption":"Pineda"},"image":{"@id":"https:\/\/pineda.es\/es\/#\/schema\/logo\/image\/"}}]}},"_links":{"self":[{"href":"https:\/\/pineda.es\/es\/wp-json\/wp\/v2\/pages\/3519","targetHints":{"allow":["GET"]}}],"collection":[{"href":"https:\/\/pineda.es\/es\/wp-json\/wp\/v2\/pages"}],"about":[{"href":"https:\/\/pineda.es\/es\/wp-json\/wp\/v2\/types\/page"}],"author":[{"embeddable":true,"href":"https:\/\/pineda.es\/es\/wp-json\/wp\/v2\/users\/1"}],"replies":[{"embeddable":true,"href":"https:\/\/pineda.es\/es\/wp-json\/wp\/v2\/comments?post=3519"}],"version-history":[{"count":44,"href":"https:\/\/pineda.es\/es\/wp-json\/wp\/v2\/pages\/3519\/revisions"}],"predecessor-version":[{"id":19270,"href":"https:\/\/pineda.es\/es\/wp-json\/wp\/v2\/pages\/3519\/revisions\/19270"}],"wp:featuredmedia":[{"embeddable":true,"href":"https:\/\/pineda.es\/es\/wp-json\/wp\/v2\/media\/3164"}],"wp:attachment":[{"href":"https:\/\/pineda.es\/es\/wp-json\/wp\/v2\/media?parent=3519"}],"curies":[{"name":"wp","href":"https:\/\/api.w.org\/{rel}","templated":true}]}}