{"id":3602,"date":"2021-11-17T11:08:04","date_gmt":"2021-11-17T10:08:04","guid":{"rendered":"https:\/\/niunapalabraanadie.com\/pineda\/politica-de-cookies%e2%80%8b\/"},"modified":"2025-10-23T14:23:23","modified_gmt":"2025-10-23T12:23:23","slug":"politica-de-cookies","status":"publish","type":"page","link":"https:\/\/pineda.es\/es\/politica-de-cookies\/","title":{"rendered":"Pol\u00edtica de cookies"},"content":{"rendered":"\t\t<div data-elementor-type=\"wp-page\" data-elementor-id=\"3602\" class=\"elementor elementor-3602 elementor-1707\">\n\t\t\t\t\t\t<section data-particle_enable=\"false\" data-particle-mobile-disabled=\"false\" class=\"elementor-section elementor-top-section elementor-element elementor-element-6b81783 elementor-section-boxed elementor-section-height-default elementor-section-height-default\" data-id=\"6b81783\" data-element_type=\"section\">\n\t\t\t\t\t\t<div class=\"elementor-container elementor-column-gap-default\">\n\t\t\t\t\t<div class=\"elementor-column elementor-col-100 elementor-top-column elementor-element elementor-element-0d418c6\" data-id=\"0d418c6\" data-element_type=\"column\">\n\t\t\t<div class=\"elementor-widget-wrap elementor-element-populated\">\n\t\t\t\t\t\t<div class=\"elementor-element elementor-element-e56ecf0 elementor-widget elementor-widget-heading\" data-id=\"e56ecf0\" data-element_type=\"widget\" data-widget_type=\"heading.default\">\n\t\t\t\t<div class=\"elementor-widget-container\">\n\t\t\t<h2 class=\"elementor-heading-title elementor-size-default\">Pol\u00edtica de cookies<\/h2>\t\t<\/div>\n\t\t\t\t<\/div>\n\t\t\t\t<div class=\"elementor-element elementor-element-505cad7 elementor-widget elementor-widget-text-editor\" data-id=\"505cad7\" data-element_type=\"widget\" data-widget_type=\"text-editor.default\">\n\t\t\t\t<div class=\"elementor-widget-container\">\n\t\t\t\t\t\t\t<p>Este sitio web utiliza cookies propias y de terceros cuya finalidad es facilitar la navegaci\u00f3n, su correcto funcionamiento y realizar estad\u00edsticas de las visitas de los usuarios.<\/p>\n<p>Concretamente, este sitio web no recaba datos de car\u00e1cter personal, tan s\u00f3lo usa:<\/p>\n<p>&#8211; Cookies t\u00e9cnicas: son aquellas que permiten al usuario la navegaci\u00f3n a trav\u00e9s de una p\u00e1gina web, plataforma o aplicaci\u00f3n, y el uso de las diferentes opciones o servicios que existen en ella, tales como el control de tr\u00e1fico y la comunicaci\u00f3n de datos, Identificar la sesi\u00f3n, acceder a partes de acceso restringido, realizar el proceso de adquisici\u00f3n de servicios, realizar la solicitud de inscripci\u00f3n o participaci\u00f3n en un evento, utilizar elementos de seguridad durante la navegaci\u00f3n.<\/p>\n<p>&#8211; Cookies de personalizaci\u00f3n: son aquellas que permiten al usuario acceder al servicio con algunas caracter\u00edsticas generales predefinidas en funci\u00f3n de una serie de criterios en el terminal del usuario como el idioma; el tipo de navegador mediante el que accede al servicio; la configuraci\u00f3n regional desde la que accede al servicio, etc.<\/p>\n<p>&#8211; Cookies de an\u00e1lisis: son aquellas que bien tratadas por nosotros o por terceros, nos permiten cuantificar el n\u00famero de usuarios y as\u00ed medir y analizar estad\u00edsticas del uso que hacen los usuarios del servicio ofrecido. Para ello, se analiza su navegaci\u00f3n en nuestra p\u00e1gina web con el fin de mejorar la oferta de informaci\u00f3n o servicios que le ofrecemos.<\/p>\n<p>Puede permitir, bloquear o eliminar las cookies instaladas en su equipo mediante la configuraci\u00f3n de las opciones del navegador instalado en el ordenador, pero en este caso no garantizamos el funcionamiento de la p\u00e1gina.<\/p>\n<p><em><strong>Google Analytics<\/strong><\/em><\/p>\n<p>Este sitio web utiliza un servicio anal\u00edtico de web prestado por <em>Google, Inc.<\/em> (\u00abGoogle Analytics\u00bb). <em>Google Analytics<\/em> utiliza cookies, que son archivos de texto ubicados en el ordenador, que ayudan al sitio web a analizar c\u00f3mo los usuarios lo utilizan. La informaci\u00f3n generada por la cookie en el sitio web (incluyendo la direcci\u00f3n IP) ser\u00e1 enviada y almacenada por Google en los servidores de EE.UU. En caso de activaci\u00f3n de la anonimizaci\u00f3n de IP, Google anonimizar\u00e1\/truncar\u00e1 el \u00faltimo byte de la direcci\u00f3n IP por Estados de la Uni\u00f3n Europea, as\u00ed como para otras partes incluidas en el acuerdo sobre el espacio econ\u00f3mico europeo . S\u00f3lo en excepcionales casos, los servidores de Google en EEUU env\u00edan y acortan la direcci\u00f3n IP completa. En el n\u00famero de vendedor del sitio web, Google utilizar\u00e1 esta informaci\u00f3n para evaluar el uso del sitio web, recopilar\u00e1 informes de la actividad del sitio web para los operadores de sitios web, la clase de proveedores de servicios WEB y el uso de &#8216;Internet en el proveedor de la p\u00e1gina web. Google no asociar\u00e1 su direcci\u00f3n IP con ning\u00fan otro dato en poder de Google.<\/p>\n<p>Puede rechazar el uso de cookies mediante la selecci\u00f3n de la configuraci\u00f3n del navegador. Sin embargo, si hace esto, puede que no pueda utilizar la plena funcionalidad de este sitio web.<\/p>\n<p>Adem\u00e1s, pod\u00e9is evitar que Google recopile y utilice datos (cookies y direcciones IP) bajando e instalando el conector del navegador disponible en:<br \/><a href=\"http:\/\/www.google.com\/intl\/es\/policies\/privacy\/\">http:\/\/www.google.com\/intl\/es\/policies\/privacy\/<\/a><\/p>\n<p>Se puede encontrar m\u00e1s informaci\u00f3n de los t\u00e9rminos y condiciones de uso y la pol\u00edtica de privacidad de los datos en <a href=\"http:\/\/www.google.com\/analytics\/terms\/gb.html\">http:\/\/www.Google.com\/Analytics\/terms\/GB.html<\/a><br \/>O en <a href=\"http:\/\/www.google.com\/intl\/en_uk\/analytics\/privacyoverview.html\">http:\/\/www.Google.com\/intl\/en_UK\/Analytics\/privacyoverview.html<\/a><\/p>\n<p>En este sitio web, el c\u00f3digo de <em>Google Analytics<\/em> se complementa con \u00abgat.Anonymize Ip;\u00bb para garantizar una recogida an\u00f3nima de IP (llamado IP Masquerade).<\/p>\n<p>Como alternativa al complemento del navegador, puede hacer <a href=\"https:\/\/support.google.com\/analytics\/answer\/9019185?hl=es\" target=\"_blank\" rel=\"noopener\">clic aqu\u00ed<\/a> para evitar la recopilaci\u00f3n por <em>Google Analytics<\/em> en este sitio web.<\/p>\n\t\t\t\t\t\t<\/div>\n\t\t\t\t<\/div>\n\t\t\t\t\t<\/div>\n\t\t<\/div>\n\t\t\t\t\t<\/div>\n\t\t<\/section>\n\t\t\t\t<\/div>\n\t\t","protected":false},"excerpt":{"rendered":"<p>Pol\u00edtica de cookies Este sitio web utiliza cookies propias y de terceros cuya finalidad es facilitar la navegaci\u00f3n, su correcto funcionamiento y realizar estad\u00edsticas de las visitas de los usuarios. [&hellip;]<\/p>\n","protected":false},"author":1,"featured_media":0,"parent":0,"menu_order":0,"comment_status":"closed","ping_status":"closed","template":"elementor_header_footer","meta":{"_monsterinsights_skip_tracking":false,"_monsterinsights_sitenote_active":false,"_monsterinsights_sitenote_note":"","_monsterinsights_sitenote_category":0,"footnotes":""},"class_list":["post-3602","page","type-page","status-publish","hentry"],"aioseo_notices":[],"yoast_head":"<!-- This site is optimized with the Yoast SEO plugin v24.1 - https:\/\/yoast.com\/wordpress\/plugins\/seo\/ -->\n<title>Pol\u00edtica de cookies - Pineda<\/title>\n<meta name=\"description\" content=\"Utilizamos pol\u00edtica de cookies con el fin de facilitar la navegaci\u00f3n, su correcto funcionamiento y realizar estad\u00edsticas de los usuarios.\" \/>\n<meta name=\"robots\" content=\"index, follow, max-snippet:-1, max-image-preview:large, max-video-preview:-1\" \/>\n<link rel=\"canonical\" href=\"https:\/\/pineda.es\/es\/politica-de-cookies\/\" \/>\n<meta property=\"og:locale\" content=\"es_ES\" \/>\n<meta property=\"og:type\" content=\"article\" \/>\n<meta property=\"og:title\" content=\"Pol\u00edtica de cookies - Pineda\" \/>\n<meta property=\"og:description\" content=\"Utilizamos pol\u00edtica de cookies con el fin de facilitar la navegaci\u00f3n, su correcto funcionamiento y realizar estad\u00edsticas de los usuarios.\" \/>\n<meta property=\"og:url\" content=\"https:\/\/pineda.es\/es\/politica-de-cookies\/\" \/>\n<meta property=\"og:site_name\" content=\"Pineda\" \/>\n<meta property=\"article:modified_time\" content=\"2025-10-23T12:23:23+00:00\" \/>\n<meta name=\"twitter:card\" content=\"summary_large_image\" \/>\n<meta name=\"twitter:label1\" content=\"Tiempo de lectura\" \/>\n\t<meta name=\"twitter:data1\" content=\"4 minutos\" \/>\n<script type=\"application\/ld+json\" class=\"yoast-schema-graph\">{\"@context\":\"https:\/\/schema.org\",\"@graph\":[{\"@type\":\"WebPage\",\"@id\":\"https:\/\/pineda.es\/es\/politica-de-cookies\/\",\"url\":\"https:\/\/pineda.es\/es\/politica-de-cookies\/\",\"name\":\"Pol\u00edtica de cookies - Pineda\",\"isPartOf\":{\"@id\":\"https:\/\/pineda.es\/es\/#website\"},\"datePublished\":\"2021-11-17T10:08:04+00:00\",\"dateModified\":\"2025-10-23T12:23:23+00:00\",\"description\":\"Utilizamos pol\u00edtica de cookies con el fin de facilitar la navegaci\u00f3n, su correcto funcionamiento y realizar estad\u00edsticas de los usuarios.\",\"breadcrumb\":{\"@id\":\"https:\/\/pineda.es\/es\/politica-de-cookies\/#breadcrumb\"},\"inLanguage\":\"es\",\"potentialAction\":[{\"@type\":\"ReadAction\",\"target\":[\"https:\/\/pineda.es\/es\/politica-de-cookies\/\"]}]},{\"@type\":\"BreadcrumbList\",\"@id\":\"https:\/\/pineda.es\/es\/politica-de-cookies\/#breadcrumb\",\"itemListElement\":[{\"@type\":\"ListItem\",\"position\":1,\"name\":\"Portada\",\"item\":\"https:\/\/pineda.es\/es\/\"},{\"@type\":\"ListItem\",\"position\":2,\"name\":\"Pol\u00edtica de cookies\"}]},{\"@type\":\"WebSite\",\"@id\":\"https:\/\/pineda.es\/es\/#website\",\"url\":\"https:\/\/pineda.es\/es\/\",\"name\":\"Pineda\",\"description\":\"Inspirant el futur\",\"publisher\":{\"@id\":\"https:\/\/pineda.es\/es\/#organization\"},\"potentialAction\":[{\"@type\":\"SearchAction\",\"target\":{\"@type\":\"EntryPoint\",\"urlTemplate\":\"https:\/\/pineda.es\/es\/?s={search_term_string}\"},\"query-input\":{\"@type\":\"PropertyValueSpecification\",\"valueRequired\":true,\"valueName\":\"search_term_string\"}}],\"inLanguage\":\"es\"},{\"@type\":\"Organization\",\"@id\":\"https:\/\/pineda.es\/es\/#organization\",\"name\":\"Pineda\",\"url\":\"https:\/\/pineda.es\/es\/\",\"logo\":{\"@type\":\"ImageObject\",\"inLanguage\":\"es\",\"@id\":\"https:\/\/pineda.es\/es\/#\/schema\/logo\/image\/\",\"url\":\"https:\/\/pineda.es\/wp-content\/uploads\/2021\/07\/Recurso-2pago-seguro.png\",\"contentUrl\":\"https:\/\/pineda.es\/wp-content\/uploads\/2021\/07\/Recurso-2pago-seguro.png\",\"width\":1513,\"height\":556,\"caption\":\"Pineda\"},\"image\":{\"@id\":\"https:\/\/pineda.es\/es\/#\/schema\/logo\/image\/\"}}]}<\/script>\n<!-- \/ Yoast SEO plugin. -->","yoast_head_json":{"title":"Pol\u00edtica de cookies - Pineda","description":"Utilizamos pol\u00edtica de cookies con el fin de facilitar la navegaci\u00f3n, su correcto funcionamiento y realizar estad\u00edsticas de los usuarios.","robots":{"index":"index","follow":"follow","max-snippet":"max-snippet:-1","max-image-preview":"max-image-preview:large","max-video-preview":"max-video-preview:-1"},"canonical":"https:\/\/pineda.es\/es\/politica-de-cookies\/","og_locale":"es_ES","og_type":"article","og_title":"Pol\u00edtica de cookies - Pineda","og_description":"Utilizamos pol\u00edtica de cookies con el fin de facilitar la navegaci\u00f3n, su correcto funcionamiento y realizar estad\u00edsticas de los usuarios.","og_url":"https:\/\/pineda.es\/es\/politica-de-cookies\/","og_site_name":"Pineda","article_modified_time":"2025-10-23T12:23:23+00:00","twitter_card":"summary_large_image","twitter_misc":{"Tiempo de lectura":"4 minutos"},"schema":{"@context":"https:\/\/schema.org","@graph":[{"@type":"WebPage","@id":"https:\/\/pineda.es\/es\/politica-de-cookies\/","url":"https:\/\/pineda.es\/es\/politica-de-cookies\/","name":"Pol\u00edtica de cookies - Pineda","isPartOf":{"@id":"https:\/\/pineda.es\/es\/#website"},"datePublished":"2021-11-17T10:08:04+00:00","dateModified":"2025-10-23T12:23:23+00:00","description":"Utilizamos pol\u00edtica de cookies con el fin de facilitar la navegaci\u00f3n, su correcto funcionamiento y realizar estad\u00edsticas de los usuarios.","breadcrumb":{"@id":"https:\/\/pineda.es\/es\/politica-de-cookies\/#breadcrumb"},"inLanguage":"es","potentialAction":[{"@type":"ReadAction","target":["https:\/\/pineda.es\/es\/politica-de-cookies\/"]}]},{"@type":"BreadcrumbList","@id":"https:\/\/pineda.es\/es\/politica-de-cookies\/#breadcrumb","itemListElement":[{"@type":"ListItem","position":1,"name":"Portada","item":"https:\/\/pineda.es\/es\/"},{"@type":"ListItem","position":2,"name":"Pol\u00edtica de cookies"}]},{"@type":"WebSite","@id":"https:\/\/pineda.es\/es\/#website","url":"https:\/\/pineda.es\/es\/","name":"Pineda","description":"Inspirant el futur","publisher":{"@id":"https:\/\/pineda.es\/es\/#organization"},"potentialAction":[{"@type":"SearchAction","target":{"@type":"EntryPoint","urlTemplate":"https:\/\/pineda.es\/es\/?s={search_term_string}"},"query-input":{"@type":"PropertyValueSpecification","valueRequired":true,"valueName":"search_term_string"}}],"inLanguage":"es"},{"@type":"Organization","@id":"https:\/\/pineda.es\/es\/#organization","name":"Pineda","url":"https:\/\/pineda.es\/es\/","logo":{"@type":"ImageObject","inLanguage":"es","@id":"https:\/\/pineda.es\/es\/#\/schema\/logo\/image\/","url":"https:\/\/pineda.es\/wp-content\/uploads\/2021\/07\/Recurso-2pago-seguro.png","contentUrl":"https:\/\/pineda.es\/wp-content\/uploads\/2021\/07\/Recurso-2pago-seguro.png","width":1513,"height":556,"caption":"Pineda"},"image":{"@id":"https:\/\/pineda.es\/es\/#\/schema\/logo\/image\/"}}]}},"_links":{"self":[{"href":"https:\/\/pineda.es\/es\/wp-json\/wp\/v2\/pages\/3602","targetHints":{"allow":["GET"]}}],"collection":[{"href":"https:\/\/pineda.es\/es\/wp-json\/wp\/v2\/pages"}],"about":[{"href":"https:\/\/pineda.es\/es\/wp-json\/wp\/v2\/types\/page"}],"author":[{"embeddable":true,"href":"https:\/\/pineda.es\/es\/wp-json\/wp\/v2\/users\/1"}],"replies":[{"embeddable":true,"href":"https:\/\/pineda.es\/es\/wp-json\/wp\/v2\/comments?post=3602"}],"version-history":[{"count":16,"href":"https:\/\/pineda.es\/es\/wp-json\/wp\/v2\/pages\/3602\/revisions"}],"predecessor-version":[{"id":26488,"href":"https:\/\/pineda.es\/es\/wp-json\/wp\/v2\/pages\/3602\/revisions\/26488"}],"wp:attachment":[{"href":"https:\/\/pineda.es\/es\/wp-json\/wp\/v2\/media?parent=3602"}],"curies":[{"name":"wp","href":"https:\/\/api.w.org\/{rel}","templated":true}]}}