{"id":5549,"date":"2022-01-13T14:11:04","date_gmt":"2022-01-13T13:11:04","guid":{"rendered":"https:\/\/pineda.es\/respuesta-de-agradecimiento\/"},"modified":"2025-11-26T10:45:21","modified_gmt":"2025-11-26T09:45:21","slug":"respuesta-de-agradecimiento","status":"publish","type":"page","link":"https:\/\/pineda.es\/es\/respuesta-de-agradecimiento\/","title":{"rendered":"Respuesta de agradecimiento"},"content":{"rendered":"\t\t<div data-elementor-type=\"wp-page\" data-elementor-id=\"5549\" class=\"elementor elementor-5549 elementor-5543\">\n\t\t\t\t\t\t<section data-particle_enable=\"false\" data-particle-mobile-disabled=\"false\" class=\"elementor-section elementor-top-section elementor-element elementor-element-7b8aced elementor-section-full_width elementor-section-height-default elementor-section-height-default\" data-id=\"7b8aced\" data-element_type=\"section\">\n\t\t\t\t\t\t<div class=\"elementor-container elementor-column-gap-no\">\n\t\t\t\t\t<div class=\"elementor-column elementor-col-100 elementor-top-column elementor-element elementor-element-12b2130\" data-id=\"12b2130\" data-element_type=\"column\">\n\t\t\t<div class=\"elementor-widget-wrap elementor-element-populated\">\n\t\t\t\t\t\t<div class=\"elementor-element elementor-element-d54c3eb elementor-widget elementor-widget-spacer\" data-id=\"d54c3eb\" data-element_type=\"widget\" data-widget_type=\"spacer.default\">\n\t\t\t\t<div class=\"elementor-widget-container\">\n\t\t\t\t\t<div class=\"elementor-spacer\">\n\t\t\t<div class=\"elementor-spacer-inner\"><\/div>\n\t\t<\/div>\n\t\t\t\t<\/div>\n\t\t\t\t<\/div>\n\t\t\t\t\t<\/div>\n\t\t<\/div>\n\t\t\t\t\t<\/div>\n\t\t<\/section>\n\t\t\t\t<section data-particle_enable=\"false\" data-particle-mobile-disabled=\"false\" class=\"elementor-section elementor-top-section elementor-element elementor-element-851ce18 elementor-section-full_width elementor-section-height-default elementor-section-height-default\" data-id=\"851ce18\" data-element_type=\"section\">\n\t\t\t\t\t\t<div class=\"elementor-container elementor-column-gap-default\">\n\t\t\t\t\t<div class=\"elementor-column elementor-col-100 elementor-top-column elementor-element elementor-element-c40f024\" data-id=\"c40f024\" data-element_type=\"column\">\n\t\t\t<div class=\"elementor-widget-wrap elementor-element-populated\">\n\t\t\t\t\t\t<div class=\"elementor-element elementor-element-87c1aa3 elementor-widget elementor-widget-heading\" data-id=\"87c1aa3\" data-element_type=\"widget\" data-widget_type=\"heading.default\">\n\t\t\t\t<div class=\"elementor-widget-container\">\n\t\t\t<h2 class=\"elementor-heading-title elementor-size-default\">Respuesta de agradecimiento<\/h2>\t\t<\/div>\n\t\t\t\t<\/div>\n\t\t\t\t<div class=\"elementor-element elementor-element-860b08f elementor-widget elementor-widget-heading\" data-id=\"860b08f\" data-element_type=\"widget\" data-widget_type=\"heading.default\">\n\t\t\t\t<div class=\"elementor-widget-container\">\n\t\t\t<h2 class=\"elementor-heading-title elementor-size-default\">\u00a1Gracias por contactar con nosotros!<\/h2>\t\t<\/div>\n\t\t\t\t<\/div>\n\t\t\t\t<div class=\"elementor-element elementor-element-21939e2 elementor-widget elementor-widget-text-editor\" data-id=\"21939e2\" data-element_type=\"widget\" data-widget_type=\"text-editor.default\">\n\t\t\t\t<div class=\"elementor-widget-container\">\n\t\t\t\t\t\t\t<p>Recibir\u00e9is una respuesta tan pronto como se pueda a trav\u00e9s del correo electr\u00f3nico que hab\u00e9is facilitado.<\/p>\n\t\t\t\t\t\t<\/div>\n\t\t\t\t<\/div>\n\t\t\t\t<div class=\"elementor-element elementor-element-a6bdf71 elementor-widget__width-inherit elementor-widget elementor-widget-video\" data-id=\"a6bdf71\" data-element_type=\"widget\" data-settings=\"{&quot;youtube_url&quot;:&quot;https:\\\/\\\/www.youtube.com\\\/watch?v=lbdViUJrgGs&quot;,&quot;loop&quot;:&quot;yes&quot;,&quot;video_type&quot;:&quot;youtube&quot;,&quot;controls&quot;:&quot;yes&quot;}\" data-widget_type=\"video.default\">\n\t\t\t\t<div class=\"elementor-widget-container\">\n\t\t\t\t\t<div class=\"elementor-wrapper elementor-open-inline\">\n\t\t\t<div class=\"elementor-video\"><\/div>\t\t<\/div>\n\t\t\t\t<\/div>\n\t\t\t\t<\/div>\n\t\t\t\t\t<\/div>\n\t\t<\/div>\n\t\t\t\t\t<\/div>\n\t\t<\/section>\n\t\t\t\t<section data-particle_enable=\"false\" data-particle-mobile-disabled=\"false\" class=\"elementor-section elementor-top-section elementor-element elementor-element-976d243 elementor-section-boxed elementor-section-height-default elementor-section-height-default\" data-id=\"976d243\" data-element_type=\"section\">\n\t\t\t\t\t\t<div class=\"elementor-container elementor-column-gap-default\">\n\t\t\t\t\t<div class=\"elementor-column elementor-col-100 elementor-top-column elementor-element elementor-element-a02e6a0\" data-id=\"a02e6a0\" data-element_type=\"column\">\n\t\t\t<div class=\"elementor-widget-wrap elementor-element-populated\">\n\t\t\t\t\t\t<section data-particle_enable=\"false\" data-particle-mobile-disabled=\"false\" class=\"elementor-section elementor-inner-section elementor-element elementor-element-1095be2 elementor-section-content-middle elementor-section-boxed elementor-section-height-default elementor-section-height-default\" data-id=\"1095be2\" data-element_type=\"section\">\n\t\t\t\t\t\t<div class=\"elementor-container elementor-column-gap-default\">\n\t\t\t\t\t<div class=\"elementor-column elementor-col-25 elementor-inner-column elementor-element elementor-element-dda6958\" data-id=\"dda6958\" data-element_type=\"column\" data-settings=\"{&quot;background_background&quot;:&quot;classic&quot;}\">\n\t\t\t<div class=\"elementor-widget-wrap elementor-element-populated\">\n\t\t\t\t\t\t<div class=\"elementor-element elementor-element-8b51ae8 elementor-widget elementor-widget-image\" data-id=\"8b51ae8\" data-element_type=\"widget\" data-widget_type=\"image.default\">\n\t\t\t\t<div class=\"elementor-widget-container\">\n\t\t\t\t\t\t\t\t\t\t\t\t\t\t<a href=\"https:\/\/www.avantis.edu.es\/ca\" target=\"_blank\">\n\t\t\t\t\t\t\t<img decoding=\"async\" width=\"300\" height=\"97\" src=\"https:\/\/pineda.es\/wp-content\/uploads\/2021\/07\/Avantis_logo-300x97.png\" class=\"attachment-medium size-medium wp-image-3174\" alt=\"\" srcset=\"https:\/\/pineda.es\/wp-content\/uploads\/2021\/07\/Avantis_logo-300x97.png 300w, https:\/\/pineda.es\/wp-content\/uploads\/2021\/07\/Avantis_logo-1024x333.png 1024w, https:\/\/pineda.es\/wp-content\/uploads\/2021\/07\/Avantis_logo-768x250.png 768w, https:\/\/pineda.es\/wp-content\/uploads\/2021\/07\/Avantis_logo-1536x499.png 1536w, https:\/\/pineda.es\/wp-content\/uploads\/2021\/07\/Avantis_logo.png 1945w\" sizes=\"(max-width: 300px) 100vw, 300px\" \/>\t\t\t\t\t\t\t\t<\/a>\n\t\t\t\t\t\t\t\t\t\t\t\t\t<\/div>\n\t\t\t\t<\/div>\n\t\t\t\t\t<\/div>\n\t\t<\/div>\n\t\t\t\t<div class=\"elementor-column elementor-col-25 elementor-inner-column elementor-element elementor-element-ca342b3\" data-id=\"ca342b3\" data-element_type=\"column\" data-settings=\"{&quot;background_background&quot;:&quot;classic&quot;}\">\n\t\t\t<div class=\"elementor-widget-wrap elementor-element-populated\">\n\t\t\t\t\t\t<div class=\"elementor-element elementor-element-ba0c35f elementor-widget elementor-widget-image\" data-id=\"ba0c35f\" data-element_type=\"widget\" data-widget_type=\"image.default\">\n\t\t\t\t<div class=\"elementor-widget-container\">\n\t\t\t\t\t\t\t\t\t\t\t\t\t\t<a href=\"https:\/\/pineda.es\/es\/\" target=\"_blank\">\n\t\t\t\t\t\t\t<img decoding=\"async\" width=\"300\" height=\"111\" src=\"https:\/\/pineda.es\/wp-content\/uploads\/2021\/07\/Recurso-1LOGO-PINEDA-300x111.png\" class=\"attachment-medium size-medium wp-image-3105\" alt=\"\" srcset=\"https:\/\/pineda.es\/wp-content\/uploads\/2021\/07\/Recurso-1LOGO-PINEDA-300x111.png 300w, https:\/\/pineda.es\/wp-content\/uploads\/2021\/07\/Recurso-1LOGO-PINEDA.png 735w\" sizes=\"(max-width: 300px) 100vw, 300px\" \/>\t\t\t\t\t\t\t\t<\/a>\n\t\t\t\t\t\t\t\t\t\t\t\t\t<\/div>\n\t\t\t\t<\/div>\n\t\t\t\t\t<\/div>\n\t\t<\/div>\n\t\t\t\t<div class=\"elementor-column elementor-col-25 elementor-inner-column elementor-element elementor-element-3dc3749\" data-id=\"3dc3749\" data-element_type=\"column\" data-settings=\"{&quot;background_background&quot;:&quot;classic&quot;}\">\n\t\t\t<div class=\"elementor-widget-wrap elementor-element-populated\">\n\t\t\t\t\t\t<div class=\"elementor-element elementor-element-64e74fc elementor-widget elementor-widget-image\" data-id=\"64e74fc\" data-element_type=\"widget\" data-widget_type=\"image.default\">\n\t\t\t\t<div class=\"elementor-widget-container\">\n\t\t\t\t\t\t\t\t\t\t\t\t\t\t<a href=\"https:\/\/www.xaloc.org\/ca\/index.htm\" target=\"_blank\">\n\t\t\t\t\t\t\t<img decoding=\"async\" width=\"300\" height=\"90\" src=\"https:\/\/pineda.es\/wp-content\/uploads\/2021\/07\/Recurso-1LOGO-XALOC-300x90.png\" class=\"attachment-medium size-medium wp-image-3140\" alt=\"\" srcset=\"https:\/\/pineda.es\/wp-content\/uploads\/2021\/07\/Recurso-1LOGO-XALOC-300x90.png 300w, https:\/\/pineda.es\/wp-content\/uploads\/2021\/07\/Recurso-1LOGO-XALOC-1024x309.png 1024w, https:\/\/pineda.es\/wp-content\/uploads\/2021\/07\/Recurso-1LOGO-XALOC-768x232.png 768w, https:\/\/pineda.es\/wp-content\/uploads\/2021\/07\/Recurso-1LOGO-XALOC-1536x463.png 1536w, https:\/\/pineda.es\/wp-content\/uploads\/2021\/07\/Recurso-1LOGO-XALOC-2048x618.png 2048w\" sizes=\"(max-width: 300px) 100vw, 300px\" \/>\t\t\t\t\t\t\t\t<\/a>\n\t\t\t\t\t\t\t\t\t\t\t\t\t<\/div>\n\t\t\t\t<\/div>\n\t\t\t\t\t<\/div>\n\t\t<\/div>\n\t\t\t\t<div class=\"elementor-column elementor-col-25 elementor-inner-column elementor-element elementor-element-2bae0e9\" data-id=\"2bae0e9\" data-element_type=\"column\" data-settings=\"{&quot;background_background&quot;:&quot;classic&quot;}\">\n\t\t\t<div class=\"elementor-widget-wrap elementor-element-populated\">\n\t\t\t\t\t\t<div class=\"elementor-element elementor-element-5284dd0 elementor-widget elementor-widget-image\" data-id=\"5284dd0\" data-element_type=\"widget\" data-widget_type=\"image.default\">\n\t\t\t\t<div class=\"elementor-widget-container\">\n\t\t\t\t\t\t\t\t\t\t\t\t\t\t<a href=\"https:\/\/www.xalocfp.org\/ca\" target=\"_blank\">\n\t\t\t\t\t\t\t<img loading=\"lazy\" decoding=\"async\" width=\"300\" height=\"123\" src=\"https:\/\/pineda.es\/wp-content\/uploads\/2025\/06\/Xaloc-FP-Presencial-y-Online-300x123.png\" class=\"attachment-medium size-medium wp-image-25013\" alt=\"\" srcset=\"https:\/\/pineda.es\/wp-content\/uploads\/2025\/06\/Xaloc-FP-Presencial-y-Online-300x123.png 300w, https:\/\/pineda.es\/wp-content\/uploads\/2025\/06\/Xaloc-FP-Presencial-y-Online-1024x420.png 1024w, https:\/\/pineda.es\/wp-content\/uploads\/2025\/06\/Xaloc-FP-Presencial-y-Online-768x315.png 768w, https:\/\/pineda.es\/wp-content\/uploads\/2025\/06\/Xaloc-FP-Presencial-y-Online.png 1191w\" sizes=\"(max-width: 300px) 100vw, 300px\" \/>\t\t\t\t\t\t\t\t<\/a>\n\t\t\t\t\t\t\t\t\t\t\t\t\t<\/div>\n\t\t\t\t<\/div>\n\t\t\t\t\t<\/div>\n\t\t<\/div>\n\t\t\t\t\t<\/div>\n\t\t<\/section>\n\t\t\t\t\t<\/div>\n\t\t<\/div>\n\t\t\t\t\t<\/div>\n\t\t<\/section>\n\t\t\t\t<section data-particle_enable=\"false\" data-particle-mobile-disabled=\"false\" class=\"elementor-section elementor-top-section elementor-element elementor-element-aa368f4 elementor-section-boxed elementor-section-height-default elementor-section-height-default\" data-id=\"aa368f4\" data-element_type=\"section\">\n\t\t\t\t\t\t<div class=\"elementor-container elementor-column-gap-default\">\n\t\t\t\t\t<div class=\"elementor-column elementor-col-100 elementor-top-column elementor-element elementor-element-2b03b9f\" data-id=\"2b03b9f\" data-element_type=\"column\">\n\t\t\t<div class=\"elementor-widget-wrap elementor-element-populated\">\n\t\t\t\t\t\t<div class=\"elementor-element elementor-element-afe1d86 elementor-widget elementor-widget-text-editor\" data-id=\"afe1d86\" data-element_type=\"widget\" data-widget_type=\"text-editor.default\">\n\t\t\t\t<div class=\"elementor-widget-container\">\n\t\t\t\t\t\t\t<p style=\"text-align: left;\">Le informamos que, de acuerdo con la normativa sobre protecci\u00f3n de datos de car\u00e1cter personal L.O. 15\/1999 de Protecci\u00f3n de Datos y lo (UE) 2016\/679 Reglamento General de Protecci\u00f3n de Datos, sus datos ser\u00e1n tratados por CENTRO CULTURAL PINEDA y se usar\u00e1n para tenerlos en cuenta en un proceso de selecci\u00f3n de personal.<\/p>\n<p style=\"text-align: left;\">En el supuesto de que usted desee acceder, rectificar, cancelar u oponerse al tratamiento de sus datos personales solo ha de dirigirse por escrito a C\/ Juncos, 1 Hospitalet de Llobregat \u2013 Barcelona, o enviar un correo electr\u00f3nico a <a class=\"Xx\" dir=\"ltr\" tabindex=\"-1\" href=\"mailto:info@pineda.es\" target=\"_blank\" rel=\"nofollow noreferrer noopener\" data-display=\"info@pineda.es\" data-sanitized=\"mailto:info@pineda.es\">info@pineda.es<\/a> adjuntando fotocopia del DNI, NIE o pasaporte para la comprobaci\u00f3n de su identidad.<\/p>\n<p style=\"text-align: left;\">Tambi\u00e9n lo informamos que tiene el derecho de presentar una reclamaci\u00f3n ante la Agencia Espa\u00f1ola de Protecci\u00f3n de Datos si no ve atendidos sus derechos o considera que se han vulnerado sus derechos.<\/p>\n<p style=\"text-align: left;\">Los datos proporcionados se conservar\u00e1n mientras se mantenga una relaci\u00f3n con usted, siempre que no nos manifieste el contrario, y hasta un m\u00e1ximo de cinco a\u00f1os si no ha habido relaci\u00f3n ni ning\u00fan contacto.<\/p>\n\t\t\t\t\t\t<\/div>\n\t\t\t\t<\/div>\n\t\t\t\t\t<\/div>\n\t\t<\/div>\n\t\t\t\t\t<\/div>\n\t\t<\/section>\n\t\t\t\t<\/div>\n\t\t","protected":false},"excerpt":{"rendered":"<p>Respuesta de agradecimiento \u00a1Gracias por contactar con nosotros! Recibir\u00e9is una respuesta tan pronto como se pueda a trav\u00e9s del correo electr\u00f3nico que hab\u00e9is facilitado. Le informamos que, de acuerdo con [&hellip;]<\/p>\n","protected":false},"author":1,"featured_media":3164,"parent":0,"menu_order":0,"comment_status":"closed","ping_status":"closed","template":"elementor_header_footer","meta":{"_monsterinsights_skip_tracking":false,"_monsterinsights_sitenote_active":false,"_monsterinsights_sitenote_note":"","_monsterinsights_sitenote_category":0,"footnotes":""},"class_list":["post-5549","page","type-page","status-publish","has-post-thumbnail","hentry"],"aioseo_notices":[],"yoast_head":"<!-- This site is optimized with the Yoast SEO plugin v24.1 - https:\/\/yoast.com\/wordpress\/plugins\/seo\/ -->\n<title>Respuesta de agradecimiento - Pineda<\/title>\n<meta name=\"description\" content=\"Respuesta de agradecimiento: \u00a1gracias por contactar con nosotros! Recibir\u00e1 una respuesta lo antes posible v\u00eda email.\" \/>\n<meta name=\"robots\" content=\"index, follow, max-snippet:-1, max-image-preview:large, max-video-preview:-1\" \/>\n<link rel=\"canonical\" href=\"https:\/\/pineda.es\/es\/respuesta-de-agradecimiento\/\" \/>\n<meta property=\"og:locale\" content=\"es_ES\" \/>\n<meta property=\"og:type\" content=\"article\" \/>\n<meta property=\"og:title\" content=\"Respuesta de agradecimiento - Pineda\" \/>\n<meta property=\"og:description\" content=\"Respuesta de agradecimiento: \u00a1gracias por contactar con nosotros! Recibir\u00e1 una respuesta lo antes posible v\u00eda email.\" \/>\n<meta property=\"og:url\" content=\"https:\/\/pineda.es\/es\/respuesta-de-agradecimiento\/\" \/>\n<meta property=\"og:site_name\" content=\"Pineda\" \/>\n<meta property=\"article:modified_time\" content=\"2025-11-26T09:45:21+00:00\" \/>\n<meta property=\"og:image\" content=\"https:\/\/pineda.es\/wp-content\/uploads\/2021\/07\/avantpmm-2167-scaled.jpg\" \/>\n\t<meta property=\"og:image:width\" content=\"2560\" \/>\n\t<meta property=\"og:image:height\" content=\"1703\" \/>\n\t<meta property=\"og:image:type\" content=\"image\/jpeg\" \/>\n<meta name=\"twitter:card\" content=\"summary_large_image\" \/>\n<meta name=\"twitter:label1\" content=\"Tiempo de lectura\" \/>\n\t<meta name=\"twitter:data1\" content=\"2 minutos\" \/>\n<script type=\"application\/ld+json\" class=\"yoast-schema-graph\">{\"@context\":\"https:\/\/schema.org\",\"@graph\":[{\"@type\":\"WebPage\",\"@id\":\"https:\/\/pineda.es\/es\/respuesta-de-agradecimiento\/\",\"url\":\"https:\/\/pineda.es\/es\/respuesta-de-agradecimiento\/\",\"name\":\"Respuesta de agradecimiento - Pineda\",\"isPartOf\":{\"@id\":\"https:\/\/pineda.es\/es\/#website\"},\"primaryImageOfPage\":{\"@id\":\"https:\/\/pineda.es\/es\/respuesta-de-agradecimiento\/#primaryimage\"},\"image\":{\"@id\":\"https:\/\/pineda.es\/es\/respuesta-de-agradecimiento\/#primaryimage\"},\"thumbnailUrl\":\"https:\/\/pineda.es\/wp-content\/uploads\/2021\/07\/avantpmm-2167-scaled.jpg\",\"datePublished\":\"2022-01-13T13:11:04+00:00\",\"dateModified\":\"2025-11-26T09:45:21+00:00\",\"description\":\"Respuesta de agradecimiento: \u00a1gracias por contactar con nosotros! Recibir\u00e1 una respuesta lo antes posible v\u00eda email.\",\"breadcrumb\":{\"@id\":\"https:\/\/pineda.es\/es\/respuesta-de-agradecimiento\/#breadcrumb\"},\"inLanguage\":\"es\",\"potentialAction\":[{\"@type\":\"ReadAction\",\"target\":[\"https:\/\/pineda.es\/es\/respuesta-de-agradecimiento\/\"]}]},{\"@type\":\"ImageObject\",\"inLanguage\":\"es\",\"@id\":\"https:\/\/pineda.es\/es\/respuesta-de-agradecimiento\/#primaryimage\",\"url\":\"https:\/\/pineda.es\/wp-content\/uploads\/2021\/07\/avantpmm-2167-scaled.jpg\",\"contentUrl\":\"https:\/\/pineda.es\/wp-content\/uploads\/2021\/07\/avantpmm-2167-scaled.jpg\",\"width\":2560,\"height\":1703},{\"@type\":\"BreadcrumbList\",\"@id\":\"https:\/\/pineda.es\/es\/respuesta-de-agradecimiento\/#breadcrumb\",\"itemListElement\":[{\"@type\":\"ListItem\",\"position\":1,\"name\":\"Portada\",\"item\":\"https:\/\/pineda.es\/es\/\"},{\"@type\":\"ListItem\",\"position\":2,\"name\":\"Respuesta de agradecimiento\"}]},{\"@type\":\"WebSite\",\"@id\":\"https:\/\/pineda.es\/es\/#website\",\"url\":\"https:\/\/pineda.es\/es\/\",\"name\":\"Pineda\",\"description\":\"Inspirant el futur\",\"publisher\":{\"@id\":\"https:\/\/pineda.es\/es\/#organization\"},\"potentialAction\":[{\"@type\":\"SearchAction\",\"target\":{\"@type\":\"EntryPoint\",\"urlTemplate\":\"https:\/\/pineda.es\/es\/?s={search_term_string}\"},\"query-input\":{\"@type\":\"PropertyValueSpecification\",\"valueRequired\":true,\"valueName\":\"search_term_string\"}}],\"inLanguage\":\"es\"},{\"@type\":\"Organization\",\"@id\":\"https:\/\/pineda.es\/es\/#organization\",\"name\":\"Pineda\",\"url\":\"https:\/\/pineda.es\/es\/\",\"logo\":{\"@type\":\"ImageObject\",\"inLanguage\":\"es\",\"@id\":\"https:\/\/pineda.es\/es\/#\/schema\/logo\/image\/\",\"url\":\"https:\/\/pineda.es\/wp-content\/uploads\/2021\/07\/Recurso-2pago-seguro.png\",\"contentUrl\":\"https:\/\/pineda.es\/wp-content\/uploads\/2021\/07\/Recurso-2pago-seguro.png\",\"width\":1513,\"height\":556,\"caption\":\"Pineda\"},\"image\":{\"@id\":\"https:\/\/pineda.es\/es\/#\/schema\/logo\/image\/\"}}]}<\/script>\n<!-- \/ Yoast SEO plugin. -->","yoast_head_json":{"title":"Respuesta de agradecimiento - Pineda","description":"Respuesta de agradecimiento: \u00a1gracias por contactar con nosotros! Recibir\u00e1 una respuesta lo antes posible v\u00eda email.","robots":{"index":"index","follow":"follow","max-snippet":"max-snippet:-1","max-image-preview":"max-image-preview:large","max-video-preview":"max-video-preview:-1"},"canonical":"https:\/\/pineda.es\/es\/respuesta-de-agradecimiento\/","og_locale":"es_ES","og_type":"article","og_title":"Respuesta de agradecimiento - Pineda","og_description":"Respuesta de agradecimiento: \u00a1gracias por contactar con nosotros! Recibir\u00e1 una respuesta lo antes posible v\u00eda email.","og_url":"https:\/\/pineda.es\/es\/respuesta-de-agradecimiento\/","og_site_name":"Pineda","article_modified_time":"2025-11-26T09:45:21+00:00","og_image":[{"width":2560,"height":1703,"url":"https:\/\/pineda.es\/wp-content\/uploads\/2021\/07\/avantpmm-2167-scaled.jpg","type":"image\/jpeg"}],"twitter_card":"summary_large_image","twitter_misc":{"Tiempo de lectura":"2 minutos"},"schema":{"@context":"https:\/\/schema.org","@graph":[{"@type":"WebPage","@id":"https:\/\/pineda.es\/es\/respuesta-de-agradecimiento\/","url":"https:\/\/pineda.es\/es\/respuesta-de-agradecimiento\/","name":"Respuesta de agradecimiento - Pineda","isPartOf":{"@id":"https:\/\/pineda.es\/es\/#website"},"primaryImageOfPage":{"@id":"https:\/\/pineda.es\/es\/respuesta-de-agradecimiento\/#primaryimage"},"image":{"@id":"https:\/\/pineda.es\/es\/respuesta-de-agradecimiento\/#primaryimage"},"thumbnailUrl":"https:\/\/pineda.es\/wp-content\/uploads\/2021\/07\/avantpmm-2167-scaled.jpg","datePublished":"2022-01-13T13:11:04+00:00","dateModified":"2025-11-26T09:45:21+00:00","description":"Respuesta de agradecimiento: \u00a1gracias por contactar con nosotros! Recibir\u00e1 una respuesta lo antes posible v\u00eda email.","breadcrumb":{"@id":"https:\/\/pineda.es\/es\/respuesta-de-agradecimiento\/#breadcrumb"},"inLanguage":"es","potentialAction":[{"@type":"ReadAction","target":["https:\/\/pineda.es\/es\/respuesta-de-agradecimiento\/"]}]},{"@type":"ImageObject","inLanguage":"es","@id":"https:\/\/pineda.es\/es\/respuesta-de-agradecimiento\/#primaryimage","url":"https:\/\/pineda.es\/wp-content\/uploads\/2021\/07\/avantpmm-2167-scaled.jpg","contentUrl":"https:\/\/pineda.es\/wp-content\/uploads\/2021\/07\/avantpmm-2167-scaled.jpg","width":2560,"height":1703},{"@type":"BreadcrumbList","@id":"https:\/\/pineda.es\/es\/respuesta-de-agradecimiento\/#breadcrumb","itemListElement":[{"@type":"ListItem","position":1,"name":"Portada","item":"https:\/\/pineda.es\/es\/"},{"@type":"ListItem","position":2,"name":"Respuesta de agradecimiento"}]},{"@type":"WebSite","@id":"https:\/\/pineda.es\/es\/#website","url":"https:\/\/pineda.es\/es\/","name":"Pineda","description":"Inspirant el futur","publisher":{"@id":"https:\/\/pineda.es\/es\/#organization"},"potentialAction":[{"@type":"SearchAction","target":{"@type":"EntryPoint","urlTemplate":"https:\/\/pineda.es\/es\/?s={search_term_string}"},"query-input":{"@type":"PropertyValueSpecification","valueRequired":true,"valueName":"search_term_string"}}],"inLanguage":"es"},{"@type":"Organization","@id":"https:\/\/pineda.es\/es\/#organization","name":"Pineda","url":"https:\/\/pineda.es\/es\/","logo":{"@type":"ImageObject","inLanguage":"es","@id":"https:\/\/pineda.es\/es\/#\/schema\/logo\/image\/","url":"https:\/\/pineda.es\/wp-content\/uploads\/2021\/07\/Recurso-2pago-seguro.png","contentUrl":"https:\/\/pineda.es\/wp-content\/uploads\/2021\/07\/Recurso-2pago-seguro.png","width":1513,"height":556,"caption":"Pineda"},"image":{"@id":"https:\/\/pineda.es\/es\/#\/schema\/logo\/image\/"}}]}},"_links":{"self":[{"href":"https:\/\/pineda.es\/es\/wp-json\/wp\/v2\/pages\/5549","targetHints":{"allow":["GET"]}}],"collection":[{"href":"https:\/\/pineda.es\/es\/wp-json\/wp\/v2\/pages"}],"about":[{"href":"https:\/\/pineda.es\/es\/wp-json\/wp\/v2\/types\/page"}],"author":[{"embeddable":true,"href":"https:\/\/pineda.es\/es\/wp-json\/wp\/v2\/users\/1"}],"replies":[{"embeddable":true,"href":"https:\/\/pineda.es\/es\/wp-json\/wp\/v2\/comments?post=5549"}],"version-history":[{"count":11,"href":"https:\/\/pineda.es\/es\/wp-json\/wp\/v2\/pages\/5549\/revisions"}],"predecessor-version":[{"id":26912,"href":"https:\/\/pineda.es\/es\/wp-json\/wp\/v2\/pages\/5549\/revisions\/26912"}],"wp:featuredmedia":[{"embeddable":true,"href":"https:\/\/pineda.es\/es\/wp-json\/wp\/v2\/media\/3164"}],"wp:attachment":[{"href":"https:\/\/pineda.es\/es\/wp-json\/wp\/v2\/media?parent=5549"}],"curies":[{"name":"wp","href":"https:\/\/api.w.org\/{rel}","templated":true}]}}